{"id":1285,"date":"2023-06-14T01:14:35","date_gmt":"2023-06-13T22:14:35","guid":{"rendered":"https:\/\/ymcup.com.tr\/ceo\/"},"modified":"2023-07-21T06:18:09","modified_gmt":"2023-07-21T03:18:09","slug":"ceo","status":"publish","type":"page","link":"https:\/\/ymcup.com.tr\/en\/ceo\/","title":{"rendered":"CEO"},"content":{"rendered":"\t<section class=\"section\" id=\"section_891804972\">\n\t\t<div class=\"bg section-bg fill bg-fill  bg-loaded\" >\n\n\t\t\t\n\t\t\t\n\t\t\t\n\n\t\t<\/div>\n\n\t\t\n\n\t\t<div class=\"section-content relative\">\n\t\t\t\n  <div id=\"page-header-747041707\" class=\"page-header-wrapper\">\n  <div class=\"page-title dark featured-title\">\n\n    \n    <div class=\"page-title-inner container align-center flex-row medium-flex-wrap\" >\n              <div class=\"title-wrapper flex-col text-left medium-text-center\">\n          <h1 class=\"entry-title mb-0\">\n            CEO          <\/h1>\n        <\/div>\n                    <div class=\"title-content flex-col flex-right text-right medium-text-center\">\n        <div class=\"title-breadcrumbs pb-half pt-half\"><\/div>      <\/div>\n    <\/div>\n\n       <\/div>\n    <\/div>\n  \n\t\t<\/div>\n\n\t\t\n<style>\n#section_891804972 {\n  padding-top: 0px;\n  padding-bottom: 0px;\n}\n<\/style>\n\t<\/section>\n\t\n\t<section class=\"section\" id=\"section_1407522667\">\n\t\t<div class=\"bg section-bg fill bg-fill  bg-loaded\" >\n\n\t\t\t\n\t\t\t\n\t\t\t\n\n\t\t<\/div>\n\n\t\t\n\n\t\t<div class=\"section-content relative\">\n\t\t\t\n\t<div id=\"gap-36444260\" class=\"gap-element clearfix\" style=\"display:block; height:auto;\">\n\t\t\n<style>\n#gap-36444260 {\n  padding-top: 30px;\n}\n<\/style>\n\t<\/div>\n\t\n<div class=\"row\" style=\"max-width:1200px\" id=\"row-1404644317\">\n\n\t<div id=\"col-609555223\" class=\"col medium-12 small-12 large-8\"  >\n\t\t\t\t<div class=\"col-inner\"  >\n\t\t\t\n\t\t\t\n\n  <div class=\"banner has-hover\" id=\"banner-1491992453\">\n          <div class=\"banner-inner fill\">\n        <div class=\"banner-bg fill\" >\n            <div class=\"bg fill bg-fill \"><\/div>\n                                    \n                    <\/div>\n\t\t\n        <div class=\"banner-layers container\">\n            <div class=\"fill banner-link\"><\/div>            \n        <\/div>\n      <\/div>\n\n            \n<style>\n#banner-1491992453 {\n  padding-top: 300px;\n  background-color: rgba(255, 255, 255, 0);\n}\n#banner-1491992453 .bg.bg-loaded {\n  background-image: url(https:\/\/ymcup.com.tr\/wp-content\/uploads\/2023\/07\/YMCUP-Enes-Yavuz2.webp);\n}\n#banner-1491992453 .bg {\n  background-position: 48% 52%;\n}\n@media (min-width:550px) {\n  #banner-1491992453 {\n    padding-top: 550px;\n  }\n}\n<\/style>\n  <\/div>\n\n\n\t\t<\/div>\n\t\t\t\t\t<\/div>\n\n\t\n<\/div>\n<div class=\"row align-right row-box-shadow-3\" style=\"max-width:1200px\" id=\"row-791295300\">\n\n\t<div id=\"col-1405701825\" class=\"col medium-12 small-12 large-6\"  >\n\t\t\t\t<div class=\"col-inner\" style=\"background-color:rgb(255, 255, 255);\" >\n\t\t\t\n\t\t\t\n\t<div id=\"text-3747604984\" class=\"text\">\n\t\t\n<h2>CEO-Enes Yavuz<\/h2>\n\t\t\n<style>\n#text-3747604984 {\n  font-size: 1.25rem;\n}\n<\/style>\n\t<\/div>\n\t\n<p><span style=\"font-size: 120%;\">Enes Yavuz, one of the CEOs of our company, was born in 1994 in Istanbul. Enes Yavuz, who grew up with Yavuz Makine, a family company since he was born, received his high school education at Inonu Industrial Vocational High School.<\/span><\/p>\n<p><span style=\"font-size: 120%;\">While continuing his high school education, Enes Yavuz, who carried out very important works in the field of cardboard cup manufacturing at Yavuz Makine company, studied at Bolu Vocational School in the field of Machinery and Metal Technologies. Enes Yavuz, who uses his knowledge, creativity and talents from the past, is one of the biggest architects of the company\u2019s being the leader of Turkey. Ge\u00e7mi\u015ften gelen bilgi birikimini, yarat\u0131c\u0131l\u0131\u011f\u0131n\u0131 ve yeteneklerini kullanan Enes Yavuz, firman\u0131n T\u00fcrkiye lideri olmas\u0131n\u0131n en b\u00fcy\u00fck mimarlar\u0131ndan birisi.<\/span><\/p>\n\t\t<\/div>\n\t\t\t\t\n<style>\n#col-1405701825 > .col-inner {\n  padding: 7% 8% 5% 8%;\n  margin: -50px 0 0px 0px;\n}\n@media (min-width:550px) {\n  #col-1405701825 > .col-inner {\n    padding: 6% 8% 5% 8%;\n  }\n}\n@media (min-width:850px) {\n  #col-1405701825 > .col-inner {\n    padding: 8% 8% 5% 8%;\n    margin: -390px 0px 0px 0px;\n  }\n}\n<\/style>\n\t<\/div>\n\n\t\n<\/div>\n\t\t<\/div>\n\n\t\t\n<style>\n#section_1407522667 {\n  padding-top: 30px;\n  padding-bottom: 30px;\n  background-color: rgb(238, 238, 238);\n}\n@media (min-width:550px) {\n  #section_1407522667 {\n    padding-top: 50px;\n    padding-bottom: 50px;\n  }\n}\n<\/style>\n\t<\/section>\n\t\n\t<section class=\"section\" id=\"section_1479741985\">\n\t\t<div class=\"bg section-bg fill bg-fill  bg-loaded\" >\n\n\t\t\t\n\t\t\t\n\t\t\t\n\n\t\t<\/div>\n\n\t\t\n\n\t\t<div class=\"section-content relative\">\n\t\t\t\n<div class=\"row row-small align-middle\" style=\"max-width:1200px\" id=\"row-745866702\">\n\n\t<div id=\"col-130999876\" class=\"col medium-5 small-12 large-5\"  >\n\t\t\t\t<div class=\"col-inner\"  >\n\t\t\t\n\t\t\t\n\t<div id=\"text-2882732795\" class=\"text\">\n\t\t\n<h2>CEO-Eren Yavuz<\/h2>\n\t\t\n<style>\n#text-2882732795 {\n  font-size: 1.25rem;\n}\n<\/style>\n\t<\/div>\n\t\n<p><span style=\"font-size: 120%;\">CEO\u2019muz Eren Yavuz, 1997 y\u0131l\u0131nda \u0130stanbul\u2019da d\u00fcnyaya geldi. Ailenin tamam\u0131n\u0131n YMCUP Yavuz Makine\u2019de g\u00f6rev almas\u0131ndan dolay\u0131 k\u00fc\u00e7\u00fckl\u00fc\u011f\u00fcnden beri bu firmayla i\u00e7li d\u0131\u015fl\u0131 oldu ve karton bardak sekt\u00f6r\u00fcyle ilgilendi. Bu s\u00fcre\u00e7te b\u00fcy\u00fck projelere imza atarak firman\u0131n geli\u015fimine b\u00fcy\u00fck katk\u0131da bulundu ve bug\u00fcnk\u00fc lider konumuna gelmesini sa\u011flad\u0131. Ard\u0131ndan kendini akademik alanda geli\u015ftirmek isteyen Eren Yavuz, \u0130stanbul \u00dcniversitesi Teknik Bilimler Kontrol ve Otomasyon b\u00f6l\u00fcm\u00fcn\u00fc bitirdi. Daha fazla donan\u0131m kazanmak isteyen ve firmay\u0131 iyi bir \u015fekilde temsil etmeyi planlayan Yavuz, Anadolu \u00dcniversitesi \u0130\u015fletme Y\u00f6netimi b\u00f6l\u00fcm\u00fcn\u00fc de ba\u015far\u0131yla tamamlayarak firmam\u0131z\u0131n CEO\u2019lar\u0131 aras\u0131na kat\u0131ld\u0131.<\/span><\/p>\n\t\t<\/div>\n\t\t\t\t\n<style>\n#col-130999876 > .col-inner {\n  padding: 20px 20px 20px 20px;\n}\n<\/style>\n\t<\/div>\n\n\t\n\n\t<div id=\"col-596172391\" class=\"col medium-7 small-12 large-7\"  >\n\t\t\t\t<div class=\"col-inner box-shadow-3\"  >\n\t\t\t\n\t\t\t\n\t<div class=\"img has-hover x md-x lg-x y md-y lg-y\" id=\"image_195506442\">\n\t\t\t\t\t\t\t\t<div class=\"img-inner dark\" >\n\t\t\t<img loading=\"lazy\" decoding=\"async\" width=\"1000\" height=\"1000\" src=\"https:\/\/ymcup.com.tr\/wp-content\/uploads\/2023\/07\/YMCUP-Eren-Yavuz2.jpg\" class=\"attachment-large size-large\" alt=\"\" srcset=\"https:\/\/ymcup.com.tr\/wp-content\/uploads\/2023\/07\/YMCUP-Eren-Yavuz2.jpg 1000w, https:\/\/ymcup.com.tr\/wp-content\/uploads\/2023\/07\/YMCUP-Eren-Yavuz2-300x300.jpg 300w, https:\/\/ymcup.com.tr\/wp-content\/uploads\/2023\/07\/YMCUP-Eren-Yavuz2-150x150.jpg 150w, https:\/\/ymcup.com.tr\/wp-content\/uploads\/2023\/07\/YMCUP-Eren-Yavuz2-768x768.jpg 768w\" sizes=\"auto, (max-width: 1000px) 100vw, 1000px\" \/>\t\t\t\t\t\t\n\t\t\t\t\t<\/div>\n\t\t\t\t\t\t\t\t\n<style>\n#image_195506442 {\n  width: 100%;\n}\n<\/style>\n\t<\/div>\n\t\n\t\t<\/div>\n\t\t\t\t\n<style>\n#col-596172391 > .col-inner {\n  padding: 20px 20px 20px 20px;\n}\n<\/style>\n\t<\/div>\n\n\t\n<\/div>\n\t\t<\/div>\n\n\t\t\n<style>\n#section_1479741985 {\n  padding-top: 30px;\n  padding-bottom: 30px;\n}\n<\/style>\n\t<\/section>\n\t\n","protected":false},"excerpt":{"rendered":"","protected":false},"author":1,"featured_media":0,"parent":0,"menu_order":0,"comment_status":"closed","ping_status":"closed","template":"page-blank.php","meta":{"footnotes":""},"class_list":["post-1285","page","type-page","status-publish","hentry"],"_links":{"self":[{"href":"https:\/\/ymcup.com.tr\/en\/wp-json\/wp\/v2\/pages\/1285","targetHints":{"allow":["GET"]}}],"collection":[{"href":"https:\/\/ymcup.com.tr\/en\/wp-json\/wp\/v2\/pages"}],"about":[{"href":"https:\/\/ymcup.com.tr\/en\/wp-json\/wp\/v2\/types\/page"}],"author":[{"embeddable":true,"href":"https:\/\/ymcup.com.tr\/en\/wp-json\/wp\/v2\/users\/1"}],"replies":[{"embeddable":true,"href":"https:\/\/ymcup.com.tr\/en\/wp-json\/wp\/v2\/comments?post=1285"}],"version-history":[{"count":2,"href":"https:\/\/ymcup.com.tr\/en\/wp-json\/wp\/v2\/pages\/1285\/revisions"}],"predecessor-version":[{"id":1287,"href":"https:\/\/ymcup.com.tr\/en\/wp-json\/wp\/v2\/pages\/1285\/revisions\/1287"}],"wp:attachment":[{"href":"https:\/\/ymcup.com.tr\/en\/wp-json\/wp\/v2\/media?parent=1285"}],"curies":[{"name":"wp","href":"https:\/\/api.w.org\/{rel}","templated":true}]}}