{"id":1434,"date":"2023-06-14T01:38:24","date_gmt":"2023-06-13T22:38:24","guid":{"rendered":"https:\/\/ymcup.com.tr\/ym-kbm110-ultrasonic-bonding\/"},"modified":"2023-07-25T10:57:57","modified_gmt":"2023-07-25T07:57:57","slug":"ym-kbm110-ultrasonic-bonding","status":"publish","type":"page","link":"https:\/\/ymcup.com.tr\/en\/ym-kbm110-ultrasonic-bonding\/","title":{"rendered":"YM\/KBM110 (Ultrasonic Bonding)"},"content":{"rendered":"\t<section class=\"section\" id=\"section_568412884\">\n\t\t<div class=\"bg section-bg fill bg-fill  bg-loaded\" >\n\n\t\t\t\n\t\t\t\n\t\t\t\n\n\t\t<\/div>\n\n\t\t\n\n\t\t<div class=\"section-content relative\">\n\t\t\t\n  <div id=\"page-header-185316381\" class=\"page-header-wrapper\">\n  <div class=\"page-title dark featured-title\">\n\n    \n    <div class=\"page-title-inner container align-center flex-row medium-flex-wrap\" >\n              <div class=\"title-wrapper flex-col text-left medium-text-center\">\n          <h1 class=\"entry-title mb-0\">\n            YM\/KBM - DK 110          <\/h1>\n        <\/div>\n                    <div class=\"title-content flex-col flex-right text-right medium-text-center\">\n        <div class=\"title-breadcrumbs pb-half pt-half\"><\/div>      <\/div>\n    <\/div>\n\n       <\/div>\n    <\/div>\n  \n\t\t<\/div>\n\n\t\t\n<style>\n#section_568412884 {\n  padding-top: 0px;\n  padding-bottom: 0px;\n}\n<\/style>\n\t<\/section>\n\t\n\t<div id=\"gap-872086552\" class=\"gap-element clearfix\" style=\"display:block; height:auto;\">\n\t\t\n<style>\n#gap-872086552 {\n  padding-top: 50px;\n}\n<\/style>\n\t<\/div>\n\t\n\t<section class=\"section\" id=\"section_439312714\">\n\t\t<div class=\"bg section-bg fill bg-fill  bg-loaded\" >\n\n\t\t\t\n\t\t\t\n\t\t\t\n\n\t\t<\/div>\n\n\t\t\n\n\t\t<div class=\"section-content relative\">\n\t\t\t\n<div class=\"row row-small\" style=\"max-width:1200px\" id=\"row-80759306\">\n\n\t<div id=\"col-1992083522\" class=\"col medium-7 small-12 large-7\"  >\n\t\t\t\t<div class=\"col-inner\"  >\n\t\t\t\n\t\t\t\n<div class=\"slider-wrapper relative\" id=\"slider-1511446245\" >\n    <div class=\"slider slider-nav-circle slider-nav-normal slider-nav-dark slider-style-normal slider-show-nav\"\n        data-flickity-options='{\n            \"cellAlign\": \"center\",\n            \"imagesLoaded\": true,\n            \"lazyLoad\": 1,\n            \"freeScroll\": false,\n            \"wrapAround\": true,\n            \"autoPlay\": 2500,\n            \"pauseAutoPlayOnHover\" : true,\n            \"prevNextButtons\": true,\n            \"contain\" : true,\n            \"adaptiveHeight\" : true,\n            \"dragThreshold\" : 10,\n            \"percentPosition\": true,\n            \"pageDots\": true,\n            \"rightToLeft\": false,\n            \"draggable\": true,\n            \"selectedAttraction\": 0.1,\n            \"parallax\" : 0,\n            \"friction\": 0.6        }'\n        >\n        \n\t<div class=\"img has-hover x md-x lg-x y md-y lg-y\" id=\"image_2113613005\">\n\t\t\t\t\t\t\t\t<div class=\"img-inner dark\" >\n\t\t\t<img loading=\"lazy\" decoding=\"async\" width=\"1100\" height=\"800\" src=\"https:\/\/ymcup.com.tr\/wp-content\/uploads\/2023\/07\/yeni-kbm-ultrasonik-.webp\" class=\"attachment-original size-original\" alt=\"\" srcset=\"https:\/\/ymcup.com.tr\/wp-content\/uploads\/2023\/07\/yeni-kbm-ultrasonik-.webp 1100w, https:\/\/ymcup.com.tr\/wp-content\/uploads\/2023\/07\/yeni-kbm-ultrasonik--300x218.webp 300w, https:\/\/ymcup.com.tr\/wp-content\/uploads\/2023\/07\/yeni-kbm-ultrasonik--1024x745.webp 1024w, https:\/\/ymcup.com.tr\/wp-content\/uploads\/2023\/07\/yeni-kbm-ultrasonik--768x559.webp 768w\" sizes=\"auto, (max-width: 1100px) 100vw, 1100px\" \/>\t\t\t\t\t\t\n\t\t\t\t\t<\/div>\n\t\t\t\t\t\t\t\t\n<style>\n#image_2113613005 {\n  width: 100%;\n}\n<\/style>\n\t<\/div>\n\t\n\t<div class=\"img has-hover x md-x lg-x y md-y lg-y\" id=\"image_767734438\">\n\t\t\t\t\t\t\t\t<div class=\"img-inner dark\" >\n\t\t\t<img loading=\"lazy\" decoding=\"async\" width=\"1020\" height=\"742\" src=\"https:\/\/ymcup.com.tr\/wp-content\/uploads\/2023\/07\/yeni-kbm-ultrasonik--1024x745.webp\" class=\"attachment-large size-large\" alt=\"\" srcset=\"https:\/\/ymcup.com.tr\/wp-content\/uploads\/2023\/07\/yeni-kbm-ultrasonik--1024x745.webp 1024w, https:\/\/ymcup.com.tr\/wp-content\/uploads\/2023\/07\/yeni-kbm-ultrasonik--300x218.webp 300w, https:\/\/ymcup.com.tr\/wp-content\/uploads\/2023\/07\/yeni-kbm-ultrasonik--768x559.webp 768w, https:\/\/ymcup.com.tr\/wp-content\/uploads\/2023\/07\/yeni-kbm-ultrasonik-.webp 1100w\" sizes=\"auto, (max-width: 1020px) 100vw, 1020px\" \/>\t\t\t\t\t\t\n\t\t\t\t\t<\/div>\n\t\t\t\t\t\t\t\t\n<style>\n#image_767734438 {\n  width: 100%;\n}\n<\/style>\n\t<\/div>\n\t\n     <\/div>\n\n     <div class=\"loading-spin dark large centered\"><\/div>\n\n\t<\/div>\n\n\n\t\t<\/div>\n\t\t\t\t\t<\/div>\n\n\t\n\n\t<div id=\"col-1692081380\" class=\"col medium-5 small-12 large-5\"  >\n\t\t\t\t<div class=\"col-inner text-center\"  >\n\t\t\t\n\t\t\t\n<h2>YM\/KBM &#8211; DK 110<\/h2>\n<p>Yavuz Makine; m\u00fchendisleri, teknik ekibi, h\u0131rs\u0131 ve felsefesi sayesinde yine harika bir ka\u011f\u0131t bardak \u00fcretim makinesini daha sizlerin be\u011fenisine sunuyor. YM\/KBM &#8211; DK 110 ka\u011f\u0131t bardak makinesi, piyasadaki t\u00fcm ka\u011f\u0131t bardak makinelerini tarihin tozlu raflar\u0131na s\u00fcr\u00fckleyecek!<\/p>\n<p>Bir makine hayal edin, di\u011fer t\u00fcm makineler kadar elektrik harc\u0131yor, onlar kadar yer kapl\u0131yor ve i\u015fletmenize ekstra y\u00fck olmuyor. Fakat dakikada neredeyse 1,5 kat daha fazla i\u015f yap\u0131yor. Ger\u00e7ekten inan\u0131lmaz ve harika bir makine \u00f6yle de\u011fil mi? \u0130\u015fte YM\/KBM &#8211; DK 110 modeli sizlere bu ayr\u0131cal\u0131klar\u0131 sunarak sekt\u00f6rde lider olman\u0131z\u0131 sa\u011fl\u0131yor.<\/p>\n<div class=\"row row-small\"  id=\"row-471609768\">\n\n\t<div id=\"col-1132434279\" class=\"col medium-6 small-12 large-6\"  >\n\t\t\t\t<div class=\"col-inner\"  >\n\t\t\t\n\t\t\t\n<a rel=\"noopener noreferrer\" href=\"https:\/\/ymcup.com.tr\/wp-content\/uploads\/2023\/07\/10-11.pdf\" target=\"_blank\" class=\"button primary is-outline is-large\"  >\n    <span>PDF CATALOG<\/span>\n  <\/a>\n\n\t\t<\/div>\n\t\t\t\t\t<\/div>\n\n\t\n\n\t<div id=\"col-1392837762\" class=\"col medium-6 small-12 large-6\"  >\n\t\t\t\t<div class=\"col-inner\"  >\n\t\t\t\n\t\t\t\n<div class=\"video-button-wrapper\" style=\"font-size:65%\"><a href=\"https:\/\/www.youtube.com\/watch?v=yw1nRnC5hmw\" class=\"button open-video icon circle is-outline is-xlarge\"><i class=\"icon-play\" style=\"font-size:1.5em;\" ><\/i><\/a><\/div>\n\t\t<\/div>\n\t\t\t\t\t<\/div>\n\n\t\n<\/div>\n\t\t<\/div>\n\t\t\t\t\n<style>\n#col-1692081380 > .col-inner {\n  padding: 0px 5% 0px 5%;\n}\n<\/style>\n\t<\/div>\n\n\t\n<\/div>\n\t\t<\/div>\n\n\t\t\n<style>\n#section_439312714 {\n  padding-top: 30px;\n  padding-bottom: 30px;\n}\n<\/style>\n\t<\/section>\n\t\n\t<section class=\"section\" id=\"section_1821823962\">\n\t\t<div class=\"bg section-bg fill bg-fill  bg-loaded\" >\n\n\t\t\t\n\t\t\t\n\t\t\t\n\n\t\t<\/div>\n\n\t\t\n\n\t\t<div class=\"section-content relative\">\n\t\t\t\n<div class=\"row\" style=\"max-width:1200px\" id=\"row-1343517647\">\n\n\t<div id=\"col-1897043924\" class=\"col small-12 large-12\"  >\n\t\t\t\t<div class=\"col-inner\"  >\n\t\t\t\n\t\t\t\n<div class=\"message-box relative dark\" style=\"padding-top:30px;padding-bottom:30px;\"><div class=\"message-box-bg-image bg-fill fill\" ><\/div><div class=\"message-box-bg-overlay bg-fill fill\" style=\"background-color:rgb(73, 86, 96);\"><\/div><div class=\"container relative\"><div class=\"inner last-reset\">\n<div class=\"row row-small align-middle align-center\" style=\"max-width:1200px\" id=\"row-151516978\">\n\n\t<div id=\"col-264064510\" class=\"col medium-9 small-12 large-9\"  >\n\t\t\t\t<div class=\"col-inner\"  >\n\t\t\t\n\t\t\t\n<p><span style=\"font-size: 120%;\">YM\/KBM &#8211; DK 110 makinesi hakk\u0131nda hemen teklif isteyebilir ve daha detayl\u0131 bilgi alabilirsiniz.\u00a0 M\u00fc\u015fteri hizmetlerimiz ile hemen ileti\u015fime ge\u00e7ebilirsiniz.<\/span><\/p>\n\t\t<\/div>\n\t\t\t\t\t<\/div>\n\n\t\n\n\t<div id=\"col-945074199\" class=\"col medium-2 small-12 large-2\"  >\n\t\t\t\t<div class=\"col-inner text-center\"  >\n\t\t\t\n\t\t\t\n<a rel=\"noopener noreferrer\" href=\"https:\/\/ymcup.com.tr\/en\/contact\/\" target=\"_blank\" class=\"button white is-outline is-large\"  >\n    <span>GET OFFER<\/span>\n  <\/a>\n\n\t\t<\/div>\n\t\t\t\t\t<\/div>\n\n\t\n<\/div>\n<\/div><\/div><\/div>\n\t\t<\/div>\n\t\t\t\t\t<\/div>\n\n\t\n<\/div>\n<div class=\"row\" style=\"max-width:1200px\" id=\"row-1396978258\">\n\n\t<div id=\"col-717897183\" class=\"col small-12 large-12\"  >\n\t\t\t\t<div class=\"col-inner\"  >\n\t\t\t\n\t\t\t\n\n\t\t<div class=\"tabbed-content\">\n\t\t\t\n\t\t\t<ul class=\"nav nav-tabs nav-uppercase nav-size-xlarge nav-center\" role=\"tablist\"><li id=\"tab-general-features\" class=\"tab active has-icon\" role=\"presentation\"><a href=\"#tab_general-features\" role=\"tab\" aria-selected=\"true\" aria-controls=\"tab_general-features\"><span>GENERAL FEATURES<\/span><\/a><\/li>\n<li id=\"tab-print-features\" class=\"tab has-icon\" role=\"presentation\"><a href=\"#tab_print-features\" tabindex=\"-1\" role=\"tab\" aria-selected=\"false\" aria-controls=\"tab_print-features\"><span>PRINT FEATURES<\/span><\/a><\/li>\n<li id=\"tab-photo-gallery\" class=\"tab has-icon\" role=\"presentation\"><a href=\"#tab_photo-gallery\" tabindex=\"-1\" role=\"tab\" aria-selected=\"false\" aria-controls=\"tab_photo-gallery\"><span>PHOTO GALLERY<\/span><\/a><\/li>\n<li id=\"tab-videos\" class=\"tab has-icon\" role=\"presentation\"><a href=\"#tab_videos\" tabindex=\"-1\" role=\"tab\" aria-selected=\"false\" aria-controls=\"tab_videos\"><span>VIDEOS<\/span><\/a><\/li><\/ul><div class=\"tab-panels\"><div id=\"tab_general-features\" class=\"panel active entry-content\" role=\"tabpanel\" aria-labelledby=\"tab-general-features\">\n<div class=\"row row-small\"  id=\"row-2032740232\">\n\n\t<div id=\"col-2052268814\" class=\"col small-12 large-12\"  >\n\t\t\t\t<div class=\"col-inner\"  >\n\t\t\t\n\t\t\t\n<p>Dakikada 110 adet \u00fcretime \u00e7\u0131kabilen YM\/KBM-DK110 serisi; \u00e7ift tarafl\u0131 PE ka\u011f\u0131t kullan\u0131m\u0131na uygun olup, ultrasonik yan yap\u0131\u015ft\u0131rma metodu ile kaliteli \u00fcretim yapman\u0131za yard\u0131mc\u0131 olur. H\u0131zl\u0131, ergonomik, emsallerine g\u00f6re az yer kaplayan ve elektrik t\u00fcketiminde rakiplerine g\u00f6re olduk\u00e7a tasarruf sa\u011flar. \u0130\u015fletmenizde g\u00f6rmek isteyece\u011finiz YM\/KBM-110 serisi makinam\u0131zda ekstra kompres\u00f6r ihtiyac\u0131 yoktur. Ymcup sizler i\u00e7in kompres\u00f6r kompak \u015fekilde makinan\u0131n i\u00e7erisine yerle\u015ftirmi\u015ftir. Bu<br \/>modelimiz sayesinde \u00fcretim kapasitenizi b\u00fcy\u00fck oranda art\u0131rmay\u0131 garanti edtiyoruz.<\/p>\n\t\t<\/div>\n\t\t\t\t\t<\/div>\n\n\t\n<\/div>\n<\/div>\n<div id=\"tab_print-features\" class=\"panel entry-content\" role=\"tabpanel\" aria-labelledby=\"tab-print-features\">\n<div class=\"row row-small\"  id=\"row-1819730224\">\n\n\t<div id=\"col-1385048213\" class=\"col small-12 large-12\"  >\n\t\t\t\t<div class=\"col-inner\"  >\n\t\t\t\n\t\t\t\n\t<div class=\"img has-hover x md-x lg-x y md-y lg-y\" id=\"image_1279353706\">\n\t\t\t\t\t\t\t\t<div class=\"img-inner dark\" >\n\t\t\t<img loading=\"lazy\" decoding=\"async\" width=\"2480\" height=\"2072\" src=\"https:\/\/ymcup.com.tr\/wp-content\/uploads\/2023\/07\/untitled-2-64bf801db4667.webp\" class=\"attachment-original size-original\" alt=\"\" srcset=\"https:\/\/ymcup.com.tr\/wp-content\/uploads\/2023\/07\/untitled-2-64bf801db4667.webp 2480w, https:\/\/ymcup.com.tr\/wp-content\/uploads\/2023\/07\/untitled-2-64bf801db4667-300x251.webp 300w, https:\/\/ymcup.com.tr\/wp-content\/uploads\/2023\/07\/untitled-2-64bf801db4667-1024x856.webp 1024w, https:\/\/ymcup.com.tr\/wp-content\/uploads\/2023\/07\/untitled-2-64bf801db4667-768x642.webp 768w, https:\/\/ymcup.com.tr\/wp-content\/uploads\/2023\/07\/untitled-2-64bf801db4667-1536x1283.webp 1536w, https:\/\/ymcup.com.tr\/wp-content\/uploads\/2023\/07\/untitled-2-64bf801db4667-2048x1711.webp 2048w\" sizes=\"auto, (max-width: 2480px) 100vw, 2480px\" \/>\t\t\t\t\t\t\n\t\t\t\t\t<\/div>\n\t\t\t\t\t\t\t\t\n<style>\n#image_1279353706 {\n  width: 100%;\n}\n<\/style>\n\t<\/div>\n\t\n\t\t<\/div>\n\t\t\t\t\t<\/div>\n\n\t\n<\/div>\n<\/div>\n<div id=\"tab_photo-gallery\" class=\"panel entry-content\" role=\"tabpanel\" aria-labelledby=\"tab-photo-gallery\">\n\n  \n    <div class=\"row large-columns-3 medium-columns- small-columns-2\" >\n  <div class=\"gallery-col col\" >\n          <div class=\"col-inner\">\n            <a class=\"image-lightbox lightbox-gallery\" href=\"https:\/\/ymcup.com.tr\/wp-content\/uploads\/2023\/07\/2-2-1024x745.webp\" title=\"\">            <div class=\"box has-hover gallery-box box-overlay dark\">\n              <div class=\"box-image box-shadow-2 box-shadow-5-hover\" >\n                <img loading=\"lazy\" decoding=\"async\" width=\"300\" height=\"218\" src=\"https:\/\/ymcup.com.tr\/wp-content\/uploads\/2023\/07\/2-2-300x218.webp\" class=\"attachment-medium size-medium\" alt=\"\" ids=\"1723,1725,1727\" columns=\"3\" depth=\"2\" depth_hover=\"5\" srcset=\"https:\/\/ymcup.com.tr\/wp-content\/uploads\/2023\/07\/2-2-300x218.webp 300w, https:\/\/ymcup.com.tr\/wp-content\/uploads\/2023\/07\/2-2-1024x745.webp 1024w, https:\/\/ymcup.com.tr\/wp-content\/uploads\/2023\/07\/2-2-768x559.webp 768w, https:\/\/ymcup.com.tr\/wp-content\/uploads\/2023\/07\/2-2.webp 1100w\" sizes=\"auto, (max-width: 300px) 100vw, 300px\" \/>                                  <div class=\"overlay fill\"\n                      style=\"background-color: rgba(0,0,0,.15)\">\n                  <\/div>\n                                                              <\/div>\n              <div class=\"box-text text-left\" >\n                 <p><\/p>\n              <\/div>\n            <\/div>\n            <\/a>          <\/div>\n         <\/div><div class=\"gallery-col col\" >\n          <div class=\"col-inner\">\n            <a class=\"image-lightbox lightbox-gallery\" href=\"https:\/\/ymcup.com.tr\/wp-content\/uploads\/2023\/07\/3-2-1024x745.webp\" title=\"\">            <div class=\"box has-hover gallery-box box-overlay dark\">\n              <div class=\"box-image box-shadow-2 box-shadow-5-hover\" >\n                <img loading=\"lazy\" decoding=\"async\" width=\"300\" height=\"218\" src=\"https:\/\/ymcup.com.tr\/wp-content\/uploads\/2023\/07\/3-2-300x218.webp\" class=\"attachment-medium size-medium\" alt=\"\" ids=\"1723,1725,1727\" columns=\"3\" depth=\"2\" depth_hover=\"5\" srcset=\"https:\/\/ymcup.com.tr\/wp-content\/uploads\/2023\/07\/3-2-300x218.webp 300w, https:\/\/ymcup.com.tr\/wp-content\/uploads\/2023\/07\/3-2-1024x745.webp 1024w, https:\/\/ymcup.com.tr\/wp-content\/uploads\/2023\/07\/3-2-768x559.webp 768w, https:\/\/ymcup.com.tr\/wp-content\/uploads\/2023\/07\/3-2.webp 1100w\" sizes=\"auto, (max-width: 300px) 100vw, 300px\" \/>                                  <div class=\"overlay fill\"\n                      style=\"background-color: rgba(0,0,0,.15)\">\n                  <\/div>\n                                                              <\/div>\n              <div class=\"box-text text-left\" >\n                 <p><\/p>\n              <\/div>\n            <\/div>\n            <\/a>          <\/div>\n         <\/div><div class=\"gallery-col col\" >\n          <div class=\"col-inner\">\n            <a class=\"image-lightbox lightbox-gallery\" href=\"https:\/\/ymcup.com.tr\/wp-content\/uploads\/2023\/07\/4-1-1024x745.webp\" title=\"\">            <div class=\"box has-hover gallery-box box-overlay dark\">\n              <div class=\"box-image box-shadow-2 box-shadow-5-hover\" >\n                <img loading=\"lazy\" decoding=\"async\" width=\"300\" height=\"218\" src=\"https:\/\/ymcup.com.tr\/wp-content\/uploads\/2023\/07\/4-1-300x218.webp\" class=\"attachment-medium size-medium\" alt=\"\" ids=\"1723,1725,1727\" columns=\"3\" depth=\"2\" depth_hover=\"5\" srcset=\"https:\/\/ymcup.com.tr\/wp-content\/uploads\/2023\/07\/4-1-300x218.webp 300w, https:\/\/ymcup.com.tr\/wp-content\/uploads\/2023\/07\/4-1-1024x745.webp 1024w, https:\/\/ymcup.com.tr\/wp-content\/uploads\/2023\/07\/4-1-768x559.webp 768w, https:\/\/ymcup.com.tr\/wp-content\/uploads\/2023\/07\/4-1.webp 1100w\" sizes=\"auto, (max-width: 300px) 100vw, 300px\" \/>                                  <div class=\"overlay fill\"\n                      style=\"background-color: rgba(0,0,0,.15)\">\n                  <\/div>\n                                                              <\/div>\n              <div class=\"box-text text-left\" >\n                 <p><\/p>\n              <\/div>\n            <\/div>\n            <\/a>          <\/div>\n         <\/div><\/div>\n<\/div>\n<div id=\"tab_videos\" class=\"panel entry-content\" role=\"tabpanel\" aria-labelledby=\"tab-videos\">\n<div class=\"video video-fit mb\" style=\"padding-top:56.25%;\"><p><iframe loading=\"lazy\" title=\"ULTRASON\u0130K KARTON BARDAK MAKiNASI - Ultrasonic Paper Cup Forming Machine\" width=\"1020\" height=\"574\" src=\"https:\/\/www.youtube.com\/embed\/yw1nRnC5hmw?feature=oembed\" frameborder=\"0\" allow=\"accelerometer; autoplay; clipboard-write; encrypted-media; gyroscope; picture-in-picture; web-share\" allowfullscreen><\/iframe><\/p>\n<\/div>\n<\/div><\/div><\/div>\n\t\t<\/div>\n\t\t\t\t\t<\/div>\n\n\t\n<\/div>\n\t\t<\/div>\n\n\t\t\n<style>\n#section_1821823962 {\n  padding-top: 50px;\n  padding-bottom: 50px;\n}\n<\/style>\n\t<\/section>\n\t\n","protected":false},"excerpt":{"rendered":"","protected":false},"author":1,"featured_media":0,"parent":0,"menu_order":0,"comment_status":"closed","ping_status":"closed","template":"","meta":{"footnotes":""},"class_list":["post-1434","page","type-page","status-publish","hentry"],"_links":{"self":[{"href":"https:\/\/ymcup.com.tr\/en\/wp-json\/wp\/v2\/pages\/1434","targetHints":{"allow":["GET"]}}],"collection":[{"href":"https:\/\/ymcup.com.tr\/en\/wp-json\/wp\/v2\/pages"}],"about":[{"href":"https:\/\/ymcup.com.tr\/en\/wp-json\/wp\/v2\/types\/page"}],"author":[{"embeddable":true,"href":"https:\/\/ymcup.com.tr\/en\/wp-json\/wp\/v2\/users\/1"}],"replies":[{"embeddable":true,"href":"https:\/\/ymcup.com.tr\/en\/wp-json\/wp\/v2\/comments?post=1434"}],"version-history":[{"count":13,"href":"https:\/\/ymcup.com.tr\/en\/wp-json\/wp\/v2\/pages\/1434\/revisions"}],"predecessor-version":[{"id":1903,"href":"https:\/\/ymcup.com.tr\/en\/wp-json\/wp\/v2\/pages\/1434\/revisions\/1903"}],"wp:attachment":[{"href":"https:\/\/ymcup.com.tr\/en\/wp-json\/wp\/v2\/media?parent=1434"}],"curies":[{"name":"wp","href":"https:\/\/api.w.org\/{rel}","templated":true}]}}