{"id":1448,"date":"2023-06-14T01:39:37","date_gmt":"2023-06-13T22:39:37","guid":{"rendered":"https:\/\/ymcup.com.tr\/ym-kbm80-ultrasonic-bonding\/"},"modified":"2023-07-27T17:02:31","modified_gmt":"2023-07-27T14:02:31","slug":"ym-kbm80-ultrasonic-bonding","status":"publish","type":"page","link":"https:\/\/ymcup.com.tr\/en\/ym-kbm80-ultrasonic-bonding\/","title":{"rendered":"YM\/KBM &#8211; DK 80"},"content":{"rendered":"\t<section class=\"section\" id=\"section_347696371\">\n\t\t<div class=\"bg section-bg fill bg-fill  bg-loaded\" >\n\n\t\t\t\n\t\t\t\n\t\t\t\n\n\t\t<\/div>\n\n\t\t\n\n\t\t<div class=\"section-content relative\">\n\t\t\t\n  <div id=\"page-header-182352878\" class=\"page-header-wrapper\">\n  <div class=\"page-title dark featured-title\">\n\n    \n    <div class=\"page-title-inner container align-center flex-row medium-flex-wrap\" >\n              <div class=\"title-wrapper flex-col text-left medium-text-center\">\n          <h1 class=\"entry-title mb-0\">\n            YM\/KBM - DK 80          <\/h1>\n        <\/div>\n                    <div class=\"title-content flex-col flex-right text-right medium-text-center\">\n        <div class=\"title-breadcrumbs pb-half pt-half\"><\/div>      <\/div>\n    <\/div>\n\n       <\/div>\n    <\/div>\n  \n\t\t<\/div>\n\n\t\t\n<style>\n#section_347696371 {\n  padding-top: 0px;\n  padding-bottom: 0px;\n}\n<\/style>\n\t<\/section>\n\t\n\t<div id=\"gap-979877763\" class=\"gap-element clearfix\" style=\"display:block; height:auto;\">\n\t\t\n<style>\n#gap-979877763 {\n  padding-top: 50px;\n}\n<\/style>\n\t<\/div>\n\t\n\t<section class=\"section\" id=\"section_1126728475\">\n\t\t<div class=\"bg section-bg fill bg-fill  bg-loaded\" >\n\n\t\t\t\n\t\t\t\n\t\t\t\n\n\t\t<\/div>\n\n\t\t\n\n\t\t<div class=\"section-content relative\">\n\t\t\t\n<div class=\"row row-small\" style=\"max-width:1200px\" id=\"row-462985966\">\n\n\t<div id=\"col-528812783\" class=\"col medium-7 small-12 large-7\"  >\n\t\t\t\t<div class=\"col-inner\"  >\n\t\t\t\n\t\t\t\n<div class=\"slider-wrapper relative\" id=\"slider-1805755708\" >\n    <div class=\"slider slider-nav-circle slider-nav-normal slider-nav-dark slider-style-normal slider-show-nav\"\n        data-flickity-options='{\n            \"cellAlign\": \"center\",\n            \"imagesLoaded\": true,\n            \"lazyLoad\": 1,\n            \"freeScroll\": false,\n            \"wrapAround\": true,\n            \"autoPlay\": 2500,\n            \"pauseAutoPlayOnHover\" : true,\n            \"prevNextButtons\": true,\n            \"contain\" : true,\n            \"adaptiveHeight\" : true,\n            \"dragThreshold\" : 10,\n            \"percentPosition\": true,\n            \"pageDots\": true,\n            \"rightToLeft\": false,\n            \"draggable\": true,\n            \"selectedAttraction\": 0.1,\n            \"parallax\" : 0,\n            \"friction\": 0.6        }'\n        >\n        \n\t<div class=\"img has-hover x md-x lg-x y md-y lg-y\" id=\"image_1784075238\">\n\t\t\t\t\t\t\t\t<div class=\"img-inner dark\" >\n\t\t\t<img loading=\"lazy\" decoding=\"async\" width=\"1100\" height=\"800\" src=\"https:\/\/ymcup.com.tr\/wp-content\/uploads\/2023\/07\/ymkbm-80-1.webp\" class=\"attachment-original size-original\" alt=\"\" srcset=\"https:\/\/ymcup.com.tr\/wp-content\/uploads\/2023\/07\/ymkbm-80-1.webp 1100w, https:\/\/ymcup.com.tr\/wp-content\/uploads\/2023\/07\/ymkbm-80-1-300x218.webp 300w, https:\/\/ymcup.com.tr\/wp-content\/uploads\/2023\/07\/ymkbm-80-1-1024x745.webp 1024w, https:\/\/ymcup.com.tr\/wp-content\/uploads\/2023\/07\/ymkbm-80-1-768x559.webp 768w\" sizes=\"auto, (max-width: 1100px) 100vw, 1100px\" \/>\t\t\t\t\t\t\n\t\t\t\t\t<\/div>\n\t\t\t\t\t\t\t\t\n<style>\n#image_1784075238 {\n  width: 100%;\n}\n<\/style>\n\t<\/div>\n\t\n\t<div class=\"img has-hover x md-x lg-x y md-y lg-y\" id=\"image_1786542676\">\n\t\t\t\t\t\t\t\t<div class=\"img-inner dark\" >\n\t\t\t<img loading=\"lazy\" decoding=\"async\" width=\"1100\" height=\"800\" src=\"https:\/\/ymcup.com.tr\/wp-content\/uploads\/2023\/07\/ymkbm-80-1.webp\" class=\"attachment-original size-original\" alt=\"\" srcset=\"https:\/\/ymcup.com.tr\/wp-content\/uploads\/2023\/07\/ymkbm-80-1.webp 1100w, https:\/\/ymcup.com.tr\/wp-content\/uploads\/2023\/07\/ymkbm-80-1-300x218.webp 300w, https:\/\/ymcup.com.tr\/wp-content\/uploads\/2023\/07\/ymkbm-80-1-1024x745.webp 1024w, https:\/\/ymcup.com.tr\/wp-content\/uploads\/2023\/07\/ymkbm-80-1-768x559.webp 768w\" sizes=\"auto, (max-width: 1100px) 100vw, 1100px\" \/>\t\t\t\t\t\t\n\t\t\t\t\t<\/div>\n\t\t\t\t\t\t\t\t\n<style>\n#image_1786542676 {\n  width: 100%;\n}\n<\/style>\n\t<\/div>\n\t\n     <\/div>\n\n     <div class=\"loading-spin dark large centered\"><\/div>\n\n\t<\/div>\n\n\n\t\t<\/div>\n\t\t\t\t\t<\/div>\n\n\t\n\n\t<div id=\"col-101000512\" class=\"col medium-5 small-12 large-5\"  >\n\t\t\t\t<div class=\"col-inner text-center\"  >\n\t\t\t\n\t\t\t\n<h2>YM\/KBM &#8211; DK 80<\/h2>\n<p><span style=\"font-size: 120%;\">Paper cups are one of the very useful tools that we use frequently from many areas of our lives. It is highly preferred, especially because it is resistant to cold and heat, and is more environmentally friendly and more useful than plastic cups.<\/span><\/p>\n<p><span style=\"font-size: 120%;\">Thanks to YM\/KBM- DK 80 paper cup machines, you can now have mass production quality paper cups! You will definitely like the paper cup production power, environment-friendly features and system equipped with the latest technology of YM\/KBM- DK 80, produced by successful engineers within Yavuz Machine.<\/span><\/p>\n<div class=\"row row-small\"  id=\"row-1086246934\">\n\n\t<div id=\"col-1924160713\" class=\"col medium-6 small-12 large-6\"  >\n\t\t\t\t<div class=\"col-inner\"  >\n\t\t\t\n\t\t\t\n<a rel=\"noopener noreferrer\" href=\"https:\/\/ymcup.com.tr\/wp-content\/uploads\/2023\/07\/MODEL-YMKBM-DK80-.pdf\" target=\"_blank\" class=\"button primary is-outline is-large\"  >\n    <span>PDF CATALOG<\/span>\n  <\/a>\n\n\t\t<\/div>\n\t\t\t\t\t<\/div>\n\n\t\n\n\t<div id=\"col-1139999402\" class=\"col medium-6 small-12 large-6\"  >\n\t\t\t\t<div class=\"col-inner\"  >\n\t\t\t\n\t\t\t\n<div class=\"video-button-wrapper\" style=\"font-size:65%\"><a href=\"https:\/\/www.youtube.com\/watch?v=kr6ZRtFZDp4\" class=\"button open-video icon circle is-outline is-xlarge\"><i class=\"icon-play\" style=\"font-size:1.5em;\" ><\/i><\/a><\/div>\n\t\t<\/div>\n\t\t\t\t\t<\/div>\n\n\t\n<\/div>\n\t\t<\/div>\n\t\t\t\t\n<style>\n#col-101000512 > .col-inner {\n  padding: 0px 5% 0px 5%;\n}\n<\/style>\n\t<\/div>\n\n\t\n<\/div>\n\t\t<\/div>\n\n\t\t\n<style>\n#section_1126728475 {\n  padding-top: 30px;\n  padding-bottom: 30px;\n}\n<\/style>\n\t<\/section>\n\t\n\t<section class=\"section\" id=\"section_798482172\">\n\t\t<div class=\"bg section-bg fill bg-fill  bg-loaded\" >\n\n\t\t\t\n\t\t\t\n\t\t\t\n\n\t\t<\/div>\n\n\t\t\n\n\t\t<div class=\"section-content relative\">\n\t\t\t\n<div class=\"row\" style=\"max-width:1200px\" id=\"row-599712980\">\n\n\t<div id=\"col-1969003770\" class=\"col small-12 large-12\"  >\n\t\t\t\t<div class=\"col-inner\"  >\n\t\t\t\n\t\t\t\n<div class=\"message-box relative dark\" style=\"padding-top:30px;padding-bottom:30px;\"><div class=\"message-box-bg-image bg-fill fill\" ><\/div><div class=\"message-box-bg-overlay bg-fill fill\" style=\"background-color:rgb(73, 86, 96);\"><\/div><div class=\"container relative\"><div class=\"inner last-reset\">\n<div class=\"row row-small align-middle align-center\" style=\"max-width:1200px\" id=\"row-1263076544\">\n\n\t<div id=\"col-730406129\" class=\"col medium-9 small-12 large-9\"  >\n\t\t\t\t<div class=\"col-inner\"  >\n\t\t\t\n\t\t\t\n<p><span style=\"font-size: 120%;\">You can immediately request a quote and get more detailed information about the YM\/KBM- DK 80 machine. You can contact our customer service immediately.<\/span><\/p>\n\t\t<\/div>\n\t\t\t\t\t<\/div>\n\n\t\n\n\t<div id=\"col-922707480\" class=\"col medium-2 small-12 large-2\"  >\n\t\t\t\t<div class=\"col-inner text-center\"  >\n\t\t\t\n\t\t\t\n<a href=\"https:\/\/ymcup.com.tr\/en\/contact\/\" target=\"_self\" class=\"button white is-outline is-large\"  >\n    <span>GET OFFER<\/span>\n  <\/a>\n\n\t\t<\/div>\n\t\t\t\t\t<\/div>\n\n\t\n<\/div>\n<\/div><\/div><\/div>\n\t\t<\/div>\n\t\t\t\t\t<\/div>\n\n\t\n<\/div>\n<div class=\"row\" style=\"max-width:1200px\" id=\"row-195319553\">\n\n\t<div id=\"col-1176041384\" class=\"col small-12 large-12\"  >\n\t\t\t\t<div class=\"col-inner\"  >\n\t\t\t\n\t\t\t\n\n\t\t<div class=\"tabbed-content\">\n\t\t\t\n\t\t\t<ul class=\"nav nav-tabs nav-uppercase nav-size-xlarge nav-center\" role=\"tablist\"><li id=\"tab-general-features\" class=\"tab active has-icon\" role=\"presentation\"><a href=\"#tab_general-features\" role=\"tab\" aria-selected=\"true\" aria-controls=\"tab_general-features\"><span>GENERAL FEATURES<\/span><\/a><\/li>\n<li id=\"tab-print-features\" class=\"tab has-icon\" role=\"presentation\"><a href=\"#tab_print-features\" tabindex=\"-1\" role=\"tab\" aria-selected=\"false\" aria-controls=\"tab_print-features\"><span>PRINT FEATURES<\/span><\/a><\/li>\n<li id=\"tab-photo-gallery\" class=\"tab has-icon\" role=\"presentation\"><a href=\"#tab_photo-gallery\" tabindex=\"-1\" role=\"tab\" aria-selected=\"false\" aria-controls=\"tab_photo-gallery\"><span>PHOTO GALLERY<\/span><\/a><\/li>\n<li id=\"tab-videos\" class=\"tab has-icon\" role=\"presentation\"><a href=\"#tab_videos\" tabindex=\"-1\" role=\"tab\" aria-selected=\"false\" aria-controls=\"tab_videos\"><span>VIDEOS<\/span><\/a><\/li><\/ul><div class=\"tab-panels\"><div id=\"tab_general-features\" class=\"panel active entry-content\" role=\"tabpanel\" aria-labelledby=\"tab-general-features\">\n<div class=\"row row-small\"  id=\"row-1753289749\">\n\n\t<div id=\"col-556567521\" class=\"col small-12 large-12\"  >\n\t\t\t\t<div class=\"col-inner\"  >\n\t\t\t\n\t\t\t\n<p><span style=\"font-size: 120%;\">Considering the products used in the YM\/KBM- DK 80 machine, which can produce exactly 80 cardboard and paper cups per minute, it is quite environmentally friendly. Thanks to YM\/KBM-80, you can easily add a single and double-sided polyethylene coating to your glasses, which makes it easier to store especially hot and cold drinks.<\/span><\/p>\n<p><span style=\"font-size: 120%;\">Our machine paste the paper cups with hot air and resistance method. You can also opt for an optional ultrasonic bonding method and adjust your machine in this direction. The YM\/KBM- DK 80 hours with three phase and 380 volt power consumes a maximum of 13 kW electricity.<\/span><\/p>\n<p><span style=\"font-size: 120%;\">YM\/KBM- DK 80 speed and effectively produce paper cups and can say one of the most important machines in need of businesses who want to take part in the peak of the sector. Many useful features are the environmentally friendly structure beyond the age of the technology and the energy efficient structure and YM\/KBM- DK 80 is the best paper cup machines.<\/span><\/p>\n\t\t<\/div>\n\t\t\t\t\t<\/div>\n\n\t\n<\/div>\n<\/div>\n<div id=\"tab_print-features\" class=\"panel entry-content\" role=\"tabpanel\" aria-labelledby=\"tab-print-features\">\n<div class=\"row row-small\"  id=\"row-909943527\">\n\n\t<div id=\"col-564146093\" class=\"col small-12 large-12\"  >\n\t\t\t\t<div class=\"col-inner\"  >\n\t\t\t\n\t\t\t\n\t<div class=\"img has-hover x md-x lg-x y md-y lg-y\" id=\"image_628103274\">\n\t\t\t\t\t\t\t\t<div class=\"img-inner dark\" >\n\t\t\t<img loading=\"lazy\" decoding=\"async\" width=\"1732\" height=\"1737\" src=\"https:\/\/ymcup.com.tr\/wp-content\/uploads\/2023\/07\/ozellikler.webp\" class=\"attachment-original size-original\" alt=\"\" srcset=\"https:\/\/ymcup.com.tr\/wp-content\/uploads\/2023\/07\/ozellikler.webp 1732w, https:\/\/ymcup.com.tr\/wp-content\/uploads\/2023\/07\/ozellikler-300x300.webp 300w, https:\/\/ymcup.com.tr\/wp-content\/uploads\/2023\/07\/ozellikler-1021x1024.webp 1021w, https:\/\/ymcup.com.tr\/wp-content\/uploads\/2023\/07\/ozellikler-150x150.webp 150w, https:\/\/ymcup.com.tr\/wp-content\/uploads\/2023\/07\/ozellikler-768x770.webp 768w, https:\/\/ymcup.com.tr\/wp-content\/uploads\/2023\/07\/ozellikler-1532x1536.webp 1532w\" sizes=\"auto, (max-width: 1732px) 100vw, 1732px\" \/>\t\t\t\t\t\t\n\t\t\t\t\t<\/div>\n\t\t\t\t\t\t\t\t\n<style>\n#image_628103274 {\n  width: 100%;\n}\n<\/style>\n\t<\/div>\n\t\n\t\t<\/div>\n\t\t\t\t\t<\/div>\n\n\t\n<\/div>\n<\/div>\n<div id=\"tab_photo-gallery\" class=\"panel entry-content\" role=\"tabpanel\" aria-labelledby=\"tab-photo-gallery\">\n\n  \n    <div class=\"row large-columns-3 medium-columns- small-columns-2\" >\n  <div class=\"gallery-col col\" >\n          <div class=\"col-inner\">\n            <a class=\"image-lightbox lightbox-gallery\" href=\"https:\/\/ymcup.com.tr\/wp-content\/uploads\/2023\/07\/3-3-1024x745.webp\" title=\"\">            <div class=\"box has-hover gallery-box box-overlay dark\">\n              <div class=\"box-image box-shadow-2 box-shadow-5-hover\" >\n                <img loading=\"lazy\" decoding=\"async\" width=\"300\" height=\"218\" src=\"https:\/\/ymcup.com.tr\/wp-content\/uploads\/2023\/07\/3-3-300x218.webp\" class=\"attachment-medium size-medium\" alt=\"\" ids=\"1741,1739,1737\" columns=\"3\" depth=\"2\" depth_hover=\"5\" srcset=\"https:\/\/ymcup.com.tr\/wp-content\/uploads\/2023\/07\/3-3-300x218.webp 300w, https:\/\/ymcup.com.tr\/wp-content\/uploads\/2023\/07\/3-3-1024x745.webp 1024w, https:\/\/ymcup.com.tr\/wp-content\/uploads\/2023\/07\/3-3-768x559.webp 768w, https:\/\/ymcup.com.tr\/wp-content\/uploads\/2023\/07\/3-3.webp 1100w\" sizes=\"auto, (max-width: 300px) 100vw, 300px\" \/>                                  <div class=\"overlay fill\"\n                      style=\"background-color: rgba(0,0,0,.15)\">\n                  <\/div>\n                                                              <\/div>\n              <div class=\"box-text text-left\" >\n                 <p><\/p>\n              <\/div>\n            <\/div>\n            <\/a>          <\/div>\n         <\/div><div class=\"gallery-col col\" >\n          <div class=\"col-inner\">\n            <a class=\"image-lightbox lightbox-gallery\" href=\"https:\/\/ymcup.com.tr\/wp-content\/uploads\/2023\/07\/2-3-1024x745.webp\" title=\"\">            <div class=\"box has-hover gallery-box box-overlay dark\">\n              <div class=\"box-image box-shadow-2 box-shadow-5-hover\" >\n                <img loading=\"lazy\" decoding=\"async\" width=\"300\" height=\"218\" src=\"https:\/\/ymcup.com.tr\/wp-content\/uploads\/2023\/07\/2-3-300x218.webp\" class=\"attachment-medium size-medium\" alt=\"\" ids=\"1741,1739,1737\" columns=\"3\" depth=\"2\" depth_hover=\"5\" srcset=\"https:\/\/ymcup.com.tr\/wp-content\/uploads\/2023\/07\/2-3-300x218.webp 300w, https:\/\/ymcup.com.tr\/wp-content\/uploads\/2023\/07\/2-3-1024x745.webp 1024w, https:\/\/ymcup.com.tr\/wp-content\/uploads\/2023\/07\/2-3-768x559.webp 768w, https:\/\/ymcup.com.tr\/wp-content\/uploads\/2023\/07\/2-3.webp 1100w\" sizes=\"auto, (max-width: 300px) 100vw, 300px\" \/>                                  <div class=\"overlay fill\"\n                      style=\"background-color: rgba(0,0,0,.15)\">\n                  <\/div>\n                                                              <\/div>\n              <div class=\"box-text text-left\" >\n                 <p><\/p>\n              <\/div>\n            <\/div>\n            <\/a>          <\/div>\n         <\/div><div class=\"gallery-col col\" >\n          <div class=\"col-inner\">\n            <a class=\"image-lightbox lightbox-gallery\" href=\"https:\/\/ymcup.com.tr\/wp-content\/uploads\/2023\/07\/1-2-1024x745.webp\" title=\"\">            <div class=\"box has-hover gallery-box box-overlay dark\">\n              <div class=\"box-image box-shadow-2 box-shadow-5-hover\" >\n                <img loading=\"lazy\" decoding=\"async\" width=\"300\" height=\"218\" src=\"https:\/\/ymcup.com.tr\/wp-content\/uploads\/2023\/07\/1-2-300x218.webp\" class=\"attachment-medium size-medium\" alt=\"\" ids=\"1741,1739,1737\" columns=\"3\" depth=\"2\" depth_hover=\"5\" srcset=\"https:\/\/ymcup.com.tr\/wp-content\/uploads\/2023\/07\/1-2-300x218.webp 300w, https:\/\/ymcup.com.tr\/wp-content\/uploads\/2023\/07\/1-2-1024x745.webp 1024w, https:\/\/ymcup.com.tr\/wp-content\/uploads\/2023\/07\/1-2-768x559.webp 768w, https:\/\/ymcup.com.tr\/wp-content\/uploads\/2023\/07\/1-2.webp 1100w\" sizes=\"auto, (max-width: 300px) 100vw, 300px\" \/>                                  <div class=\"overlay fill\"\n                      style=\"background-color: rgba(0,0,0,.15)\">\n                  <\/div>\n                                                              <\/div>\n              <div class=\"box-text text-left\" >\n                 <p><\/p>\n              <\/div>\n            <\/div>\n            <\/a>          <\/div>\n         <\/div><\/div>\n<\/div>\n<div id=\"tab_videos\" class=\"panel entry-content\" role=\"tabpanel\" aria-labelledby=\"tab-videos\">\n<div class=\"video video-fit mb\" style=\"padding-top:56.25%;\"><p><iframe loading=\"lazy\" title=\"Karton Bardak Makinas\u0131 - YM\/KBM80 (S\u0131cak Hava Yap\u0131\u015ft\u0131rma)\" width=\"1020\" height=\"574\" src=\"https:\/\/www.youtube.com\/embed\/kr6ZRtFZDp4?feature=oembed\" frameborder=\"0\" allow=\"accelerometer; autoplay; clipboard-write; encrypted-media; gyroscope; picture-in-picture; web-share\" allowfullscreen><\/iframe><\/p>\n<\/div>\n<\/div><\/div><\/div>\n\t\t<\/div>\n\t\t\t\t\t<\/div>\n\n\t\n<\/div>\n\t\t<\/div>\n\n\t\t\n<style>\n#section_798482172 {\n  padding-top: 50px;\n  padding-bottom: 50px;\n}\n<\/style>\n\t<\/section>\n\t\n","protected":false},"excerpt":{"rendered":"","protected":false},"author":1,"featured_media":0,"parent":0,"menu_order":0,"comment_status":"closed","ping_status":"closed","template":"","meta":{"footnotes":""},"class_list":["post-1448","page","type-page","status-publish","hentry"],"_links":{"self":[{"href":"https:\/\/ymcup.com.tr\/en\/wp-json\/wp\/v2\/pages\/1448","targetHints":{"allow":["GET"]}}],"collection":[{"href":"https:\/\/ymcup.com.tr\/en\/wp-json\/wp\/v2\/pages"}],"about":[{"href":"https:\/\/ymcup.com.tr\/en\/wp-json\/wp\/v2\/types\/page"}],"author":[{"embeddable":true,"href":"https:\/\/ymcup.com.tr\/en\/wp-json\/wp\/v2\/users\/1"}],"replies":[{"embeddable":true,"href":"https:\/\/ymcup.com.tr\/en\/wp-json\/wp\/v2\/comments?post=1448"}],"version-history":[{"count":8,"href":"https:\/\/ymcup.com.tr\/en\/wp-json\/wp\/v2\/pages\/1448\/revisions"}],"predecessor-version":[{"id":1930,"href":"https:\/\/ymcup.com.tr\/en\/wp-json\/wp\/v2\/pages\/1448\/revisions\/1930"}],"wp:attachment":[{"href":"https:\/\/ymcup.com.tr\/en\/wp-json\/wp\/v2\/media?parent=1448"}],"curies":[{"name":"wp","href":"https:\/\/api.w.org\/{rel}","templated":true}]}}