{"id":1495,"date":"2023-06-14T01:51:02","date_gmt":"2023-06-13T22:51:02","guid":{"rendered":"https:\/\/ymcup.com.tr\/ym-prm-press-machine\/"},"modified":"2023-07-21T10:09:10","modified_gmt":"2023-07-21T07:09:10","slug":"ym-prm-press-machine","status":"publish","type":"page","link":"https:\/\/ymcup.com.tr\/en\/ym-prm-press-machine\/","title":{"rendered":"YM\/PRM Press Machine"},"content":{"rendered":"\t<section class=\"section\" id=\"section_2085165857\">\n\t\t<div class=\"bg section-bg fill bg-fill  bg-loaded\" >\n\n\t\t\t\n\t\t\t\n\t\t\t\n\n\t\t<\/div>\n\n\t\t\n\n\t\t<div class=\"section-content relative\">\n\t\t\t\n  <div id=\"page-header-1324909905\" class=\"page-header-wrapper\">\n  <div class=\"page-title dark featured-title\">\n\n    \n    <div class=\"page-title-inner container align-center flex-row medium-flex-wrap\" >\n              <div class=\"title-wrapper flex-col text-left medium-text-center\">\n          <h1 class=\"entry-title mb-0\">\n            YM\/PRM Press Machine          <\/h1>\n        <\/div>\n                    <div class=\"title-content flex-col flex-right text-right medium-text-center\">\n        <div class=\"title-breadcrumbs pb-half pt-half\"><\/div>      <\/div>\n    <\/div>\n\n       <\/div>\n    <\/div>\n  \n\t\t<\/div>\n\n\t\t\n<style>\n#section_2085165857 {\n  padding-top: 0px;\n  padding-bottom: 0px;\n}\n<\/style>\n\t<\/section>\n\t\n\t<div id=\"gap-181227475\" class=\"gap-element clearfix\" style=\"display:block; height:auto;\">\n\t\t\n<style>\n#gap-181227475 {\n  padding-top: 50px;\n}\n<\/style>\n\t<\/div>\n\t\n\t<section class=\"section\" id=\"section_1220098106\">\n\t\t<div class=\"bg section-bg fill bg-fill  bg-loaded\" >\n\n\t\t\t\n\t\t\t\n\t\t\t\n\n\t\t<\/div>\n\n\t\t\n\n\t\t<div class=\"section-content relative\">\n\t\t\t\n<div class=\"row row-small\" style=\"max-width:1200px\" id=\"row-380196538\">\n\n\t<div id=\"col-2135998964\" class=\"col medium-6 small-12 large-6\"  >\n\t\t\t\t<div class=\"col-inner\"  >\n\t\t\t\n\t\t\t\n<div class=\"slider-wrapper relative\" id=\"slider-532473848\" >\n    <div class=\"slider slider-nav-circle slider-nav-normal slider-nav-dark slider-style-normal slider-show-nav\"\n        data-flickity-options='{\n            \"cellAlign\": \"center\",\n            \"imagesLoaded\": true,\n            \"lazyLoad\": 1,\n            \"freeScroll\": false,\n            \"wrapAround\": true,\n            \"autoPlay\": 2500,\n            \"pauseAutoPlayOnHover\" : true,\n            \"prevNextButtons\": true,\n            \"contain\" : true,\n            \"adaptiveHeight\" : true,\n            \"dragThreshold\" : 10,\n            \"percentPosition\": true,\n            \"pageDots\": true,\n            \"rightToLeft\": false,\n            \"draggable\": true,\n            \"selectedAttraction\": 0.1,\n            \"parallax\" : 0,\n            \"friction\": 0.6        }'\n        >\n        \n\t<div class=\"img has-hover x md-x lg-x y md-y lg-y\" id=\"image_2090944403\">\n\t\t\t\t\t\t\t\t<div class=\"img-inner dark\" >\n\t\t\t<img loading=\"lazy\" decoding=\"async\" width=\"718\" height=\"507\" src=\"https:\/\/ymcup.com.tr\/wp-content\/uploads\/2023\/07\/YMPRM-Pres-Makinasi.jpg\" class=\"attachment-original size-original\" alt=\"\" srcset=\"https:\/\/ymcup.com.tr\/wp-content\/uploads\/2023\/07\/YMPRM-Pres-Makinasi.jpg 718w, https:\/\/ymcup.com.tr\/wp-content\/uploads\/2023\/07\/YMPRM-Pres-Makinasi-300x212.jpg 300w\" sizes=\"auto, (max-width: 718px) 100vw, 718px\" \/>\t\t\t\t\t\t\n\t\t\t\t\t<\/div>\n\t\t\t\t\t\t\t\t\n<style>\n#image_2090944403 {\n  width: 100%;\n}\n<\/style>\n\t<\/div>\n\t\n     <\/div>\n\n     <div class=\"loading-spin dark large centered\"><\/div>\n\n\t<\/div>\n\n\n\t\t<\/div>\n\t\t\t\t\t<\/div>\n\n\t\n\n\t<div id=\"col-755119368\" class=\"col medium-6 small-12 large-6\"  >\n\t\t\t\t<div class=\"col-inner text-center\"  >\n\t\t\t\n\t\t\t\n<h2>YM\/PRM Press Machine<\/h2>\n<p>Ka\u011f\u0131t ve karton bardak \u00fcretim sekt\u00f6r\u00fcn\u00fcn i\u00e7erisinde olan ve ilgilenilmesi gereken b\u00f6l\u00fcmlerden bir tanesi de at\u0131k ve fire ka\u011f\u0131tlard\u0131r. Bu ka\u011f\u0131tlar, geri d\u00f6n\u00fc\u015ft\u00fcr\u00fclmedi\u011fi veya d\u00fczg\u00fcn depolanmad\u0131\u011f\u0131 takdirde b\u00fcy\u00fck zararlara sebebiyet verebilir. Da\u011f haline gelmi\u015f par\u00e7a par\u00e7a ka\u011f\u0131tlar depolar\u0131 b\u00fcy\u00fck oranda doldururken d\u00f6n\u00fc\u015ft\u00fcr\u00fclmeyip \u00e7\u00f6pe giden par\u00e7alar firmaya maddi a\u00e7\u0131dan b\u00fcy\u00fck zarar verebilir.<\/p>\n<p>T\u00fcm bunlar\u0131n \u00f6n\u00fcne ge\u00e7mek istiyorsan\u0131z sizlere \u00e7ok sevinece\u011finiz bir haber vermek istiyoruz. Yavuz Makine\u2019nin \u00fcretti\u011fi YM\/PRM bask\u0131 ve pres makinesi sayesinde at\u0131k ve fire ka\u011f\u0131tlar\u0131n\u0131z\u0131 daha kullan\u0131\u015fl\u0131 hale getirebilirsiniz. \u00c7ok g\u00fc\u00e7l\u00fc bask\u0131 ve pres yapma \u00f6zelli\u011fi ile ka\u011f\u0131tlar\u0131n\u0131z\u0131 bu makineye yerle\u015ftirip b\u00fcy\u00fck balyalar elde edebilir hem alandan hem de paradan tasarruf edebilirsiniz.<\/p>\n<div class=\"row row-small\"  id=\"row-15832586\">\n\n\t<div id=\"col-417101008\" class=\"col medium-6 small-12 large-6\"  >\n\t\t\t\t<div class=\"col-inner\"  >\n\t\t\t\n\t\t\t\n<a rel=\"noopener noreferrer\" href=\"https:\/\/ymcup.com.tr\/wp-content\/uploads\/2023\/07\/ym-pr-pres-makinasi.pdf\" target=\"_blank\" class=\"button primary is-outline is-large\"  >\n    <span>PDF CATALOG<\/span>\n  <\/a>\n\n\t\t<\/div>\n\t\t\t\t\t<\/div>\n\n\t\n\n\t<div id=\"col-635714305\" class=\"col medium-6 small-12 large-6\"  >\n\t\t\t\t<div class=\"col-inner\"  >\n\t\t\t\n\t\t\t\n\t\t<\/div>\n\t\t\t\t\t<\/div>\n\n\t\n<\/div>\n\t\t<\/div>\n\t\t\t\t\n<style>\n#col-755119368 > .col-inner {\n  padding: 0px 5% 0px 5%;\n}\n<\/style>\n\t<\/div>\n\n\t\n<\/div>\n\t\t<\/div>\n\n\t\t\n<style>\n#section_1220098106 {\n  padding-top: 30px;\n  padding-bottom: 30px;\n}\n<\/style>\n\t<\/section>\n\t\n\t<section class=\"section\" id=\"section_102595722\">\n\t\t<div class=\"bg section-bg fill bg-fill  bg-loaded\" >\n\n\t\t\t\n\t\t\t\n\t\t\t\n\n\t\t<\/div>\n\n\t\t\n\n\t\t<div class=\"section-content relative\">\n\t\t\t\n<div class=\"row\" style=\"max-width:1200px\" id=\"row-1692624017\">\n\n\t<div id=\"col-2019551976\" class=\"col small-12 large-12\"  >\n\t\t\t\t<div class=\"col-inner\"  >\n\t\t\t\n\t\t\t\n<div class=\"message-box relative dark\" style=\"padding-top:30px;padding-bottom:30px;\"><div class=\"message-box-bg-image bg-fill fill\" ><\/div><div class=\"message-box-bg-overlay bg-fill fill\" style=\"background-color:rgb(73, 86, 96);\"><\/div><div class=\"container relative\"><div class=\"inner last-reset\">\n<div class=\"row row-small align-middle align-center\" style=\"max-width:1200px\" id=\"row-1243016973\">\n\n\t<div id=\"col-1266206940\" class=\"col medium-9 small-12 large-9\"  >\n\t\t\t\t<div class=\"col-inner\"  >\n\t\t\t\n\t\t\t\n<p><span style=\"font-size: 120%;\">YM\/PRM Pres Makinas\u0131 hakk\u0131nda hemen teklif isteyebilir ve daha detayl\u0131 bilgi alabilirsiniz. You can contact our customer service immediately.<\/span><\/p>\n\t\t<\/div>\n\t\t\t\t\t<\/div>\n\n\t\n\n\t<div id=\"col-1383412402\" class=\"col medium-2 small-12 large-2\"  >\n\t\t\t\t<div class=\"col-inner text-center\"  >\n\t\t\t\n\t\t\t\n<a rel=\"noopener noreferrer\" href=\"https:\/\/ymcup.com.tr\/en\/contact\/\" target=\"_blank\" class=\"button white is-outline is-large\"  >\n    <span>GET OFFER<\/span>\n  <\/a>\n\n\t\t<\/div>\n\t\t\t\t\t<\/div>\n\n\t\n<\/div>\n<\/div><\/div><\/div>\n\t\t<\/div>\n\t\t\t\t\t<\/div>\n\n\t\n<\/div>\n<div class=\"row\" style=\"max-width:1200px\" id=\"row-368195932\">\n\n\t<div id=\"col-141945844\" class=\"col small-12 large-12\"  >\n\t\t\t\t<div class=\"col-inner\"  >\n\t\t\t\n\t\t\t\n\n\t\t<div class=\"tabbed-content\">\n\t\t\t\n\t\t\t<ul class=\"nav nav-tabs nav-uppercase nav-size-xlarge nav-center\" role=\"tablist\"><li id=\"tab-general-features\" class=\"tab active has-icon\" role=\"presentation\"><a href=\"#tab_general-features\" role=\"tab\" aria-selected=\"true\" aria-controls=\"tab_general-features\"><span>GENERAL FEATURES<\/span><\/a><\/li>\n<li id=\"tab-photo-gallery\" class=\"tab has-icon\" role=\"presentation\"><a href=\"#tab_photo-gallery\" tabindex=\"-1\" role=\"tab\" aria-selected=\"false\" aria-controls=\"tab_photo-gallery\"><span>PHOTO GALLERY<\/span><\/a><\/li>\n<li id=\"tab-videos\" class=\"tab has-icon\" role=\"presentation\"><a href=\"#tab_videos\" tabindex=\"-1\" role=\"tab\" aria-selected=\"false\" aria-controls=\"tab_videos\"><span>VIDEOS<\/span><\/a><\/li><\/ul><div class=\"tab-panels\"><div id=\"tab_general-features\" class=\"panel active entry-content\" role=\"tabpanel\" aria-labelledby=\"tab-general-features\">\n<div class=\"row row-small\"  id=\"row-1096008209\">\n\n\t<div id=\"col-1172933481\" class=\"col small-12 large-12\"  >\n\t\t\t\t<div class=\"col-inner\"  >\n\t\t\t\n\t\t\t\n<p>30 ila 40 kg aras\u0131 balya kapasitesiyle ta\u015f\u0131maya uygun balyalar elde edebilir veya firman\u0131z\u0131n kapasitesine ba\u011fl\u0131 olarak \u00e7ok daha b\u00fcy\u00fck \u00f6l\u00e7\u00fclerde balyalar \u00fcretebilirsiniz. Tam 4 tonluk bask\u0131 kapasitesiyle ka\u011f\u0131tlar\u0131 olabilece\u011fi en k\u00fc\u00e7\u00fck boyutlara getiren pres makinemiz, i\u015fletmenize b\u00fcy\u00fck bir y\u00fck de olu\u015fturmuyor. Sahip oldu\u011fu elektrik tasarrufu sayesinde daha g\u00fc\u00e7l\u00fc ve daha az enerji t\u00fcketen bir makineyle firman\u0131za olduk\u00e7a etkili bir takviye yapabilirsiniz.<\/p>\n<p>Bu kadar olumlu \u00f6zelli\u011finin yan\u0131nda olduk\u00e7a kompakt ve ergonomik olmas\u0131yla da firmalar\u0131n i\u015fini b\u00fcy\u00fck \u00f6l\u00e7\u00fcde kolayla\u015ft\u0131r\u0131yor.<\/p>\n<p>G\u00fc\u00e7l\u00fc, tasarruflu, ergonomik, kullan\u0131\u015fl\u0131 ve modern g\u00f6r\u00fcn\u00fcml\u00fc\u2026 Bir bask\u0131 makinesinden daha ne bekleyebilirsiniz ki? \u0130htiyac\u0131n\u0131z olan her \u015feyi sizlere vadedebilen yeni YM\/PRM modelimiz kesinlikle fabrikan\u0131za \u00e7ok yak\u0131\u015facak!<\/p>\n\t\t<\/div>\n\t\t\t\t\t<\/div>\n\n\t\n<\/div>\n<\/div>\n<div id=\"tab_photo-gallery\" class=\"panel entry-content\" role=\"tabpanel\" aria-labelledby=\"tab-photo-gallery\">\n\n  \n    <div class=\"row large-columns-3 medium-columns- small-columns-2\" >\n  <div class=\"gallery-col col\" >\n          <div class=\"col-inner\">\n            <a class=\"image-lightbox lightbox-gallery\" href=\"https:\/\/ymcup.com.tr\/wp-content\/uploads\/2023\/07\/YMPRM-Pres-Makinasi.jpg\" title=\"\">            <div class=\"box has-hover gallery-box box-overlay dark\">\n              <div class=\"box-image box-shadow-2 box-shadow-5-hover\" >\n                <img loading=\"lazy\" decoding=\"async\" width=\"300\" height=\"212\" src=\"https:\/\/ymcup.com.tr\/wp-content\/uploads\/2023\/07\/YMPRM-Pres-Makinasi-300x212.jpg\" class=\"attachment-medium size-medium\" alt=\"\" ids=\"1151\" columns=\"3\" depth=\"2\" depth_hover=\"5\" srcset=\"https:\/\/ymcup.com.tr\/wp-content\/uploads\/2023\/07\/YMPRM-Pres-Makinasi-300x212.jpg 300w, https:\/\/ymcup.com.tr\/wp-content\/uploads\/2023\/07\/YMPRM-Pres-Makinasi.jpg 718w\" sizes=\"auto, (max-width: 300px) 100vw, 300px\" \/>                                  <div class=\"overlay fill\"\n                      style=\"background-color: rgba(0,0,0,.15)\">\n                  <\/div>\n                                                              <\/div>\n              <div class=\"box-text text-left\" >\n                 <p><\/p>\n              <\/div>\n            <\/div>\n            <\/a>          <\/div>\n         <\/div><\/div>\n<\/div>\n<div id=\"tab_videos\" class=\"panel entry-content\" role=\"tabpanel\" aria-labelledby=\"tab-videos\">\n<div class=\"video video-fit mb\" style=\"padding-top:56.25%;\"><p>#<\/p>\n<\/div>\n<\/div><\/div><\/div>\n\t\t<\/div>\n\t\t\t\t\t<\/div>\n\n\t\n<\/div>\n\t\t<\/div>\n\n\t\t\n<style>\n#section_102595722 {\n  padding-top: 50px;\n  padding-bottom: 50px;\n}\n<\/style>\n\t<\/section>\n\t\n","protected":false},"excerpt":{"rendered":"","protected":false},"author":1,"featured_media":0,"parent":0,"menu_order":0,"comment_status":"closed","ping_status":"closed","template":"page-blank.php","meta":{"footnotes":""},"class_list":["post-1495","page","type-page","status-publish","hentry"],"_links":{"self":[{"href":"https:\/\/ymcup.com.tr\/en\/wp-json\/wp\/v2\/pages\/1495","targetHints":{"allow":["GET"]}}],"collection":[{"href":"https:\/\/ymcup.com.tr\/en\/wp-json\/wp\/v2\/pages"}],"about":[{"href":"https:\/\/ymcup.com.tr\/en\/wp-json\/wp\/v2\/types\/page"}],"author":[{"embeddable":true,"href":"https:\/\/ymcup.com.tr\/en\/wp-json\/wp\/v2\/users\/1"}],"replies":[{"embeddable":true,"href":"https:\/\/ymcup.com.tr\/en\/wp-json\/wp\/v2\/comments?post=1495"}],"version-history":[{"count":13,"href":"https:\/\/ymcup.com.tr\/en\/wp-json\/wp\/v2\/pages\/1495\/revisions"}],"predecessor-version":[{"id":1518,"href":"https:\/\/ymcup.com.tr\/en\/wp-json\/wp\/v2\/pages\/1495\/revisions\/1518"}],"wp:attachment":[{"href":"https:\/\/ymcup.com.tr\/en\/wp-json\/wp\/v2\/media?parent=1495"}],"curies":[{"name":"wp","href":"https:\/\/api.w.org\/{rel}","templated":true}]}}