{"id":1841,"date":"2023-07-24T22:03:43","date_gmt":"2023-07-24T19:03:43","guid":{"rendered":"https:\/\/ymcup.com.tr\/ym-pro\/"},"modified":"2023-07-24T22:32:35","modified_gmt":"2023-07-24T19:32:35","slug":"ym-pro","status":"publish","type":"page","link":"https:\/\/ymcup.com.tr\/en\/ym-pro\/","title":{"rendered":"YM\/PRO"},"content":{"rendered":"\t<section class=\"section\" id=\"section_1283767914\">\n\t\t<div class=\"bg section-bg fill bg-fill  bg-loaded\" >\n\n\t\t\t\n\t\t\t\n\t\t\t\n\n\t\t<\/div>\n\n\t\t\n\n\t\t<div class=\"section-content relative\">\n\t\t\t\n  <div id=\"page-header-855576862\" class=\"page-header-wrapper\">\n  <div class=\"page-title dark featured-title\">\n\n    \n    <div class=\"page-title-inner container align-center flex-row medium-flex-wrap\" >\n              <div class=\"title-wrapper flex-col text-left medium-text-center\">\n          <h1 class=\"entry-title mb-0\">\n            YM\/PRO          <\/h1>\n        <\/div>\n                    <div class=\"title-content flex-col flex-right text-right medium-text-center\">\n        <div class=\"title-breadcrumbs pb-half pt-half\"><\/div>      <\/div>\n    <\/div>\n\n       <\/div>\n    <\/div>\n  \n\t\t<\/div>\n\n\t\t\n<style>\n#section_1283767914 {\n  padding-top: 0px;\n  padding-bottom: 0px;\n}\n<\/style>\n\t<\/section>\n\t\n\t<div id=\"gap-1500344465\" class=\"gap-element clearfix\" style=\"display:block; height:auto;\">\n\t\t\n<style>\n#gap-1500344465 {\n  padding-top: 50px;\n}\n<\/style>\n\t<\/div>\n\t\n\t<section class=\"section\" id=\"section_832698991\">\n\t\t<div class=\"bg section-bg fill bg-fill  bg-loaded\" >\n\n\t\t\t\n\t\t\t\n\t\t\t\n\n\t\t<\/div>\n\n\t\t\n\n\t\t<div class=\"section-content relative\">\n\t\t\t\n<div class=\"row row-small\" style=\"max-width:1200px\" id=\"row-922239740\">\n\n\t<div id=\"col-656678380\" class=\"col medium-7 small-12 large-7\"  >\n\t\t\t\t<div class=\"col-inner\"  >\n\t\t\t\n\t\t\t\n<div class=\"slider-wrapper relative\" id=\"slider-81772310\" >\n    <div class=\"slider slider-nav-circle slider-nav-normal slider-nav-dark slider-style-normal slider-show-nav\"\n        data-flickity-options='{\n            \"cellAlign\": \"center\",\n            \"imagesLoaded\": true,\n            \"lazyLoad\": 1,\n            \"freeScroll\": false,\n            \"wrapAround\": true,\n            \"autoPlay\": 2500,\n            \"pauseAutoPlayOnHover\" : true,\n            \"prevNextButtons\": true,\n            \"contain\" : true,\n            \"adaptiveHeight\" : true,\n            \"dragThreshold\" : 10,\n            \"percentPosition\": true,\n            \"pageDots\": true,\n            \"rightToLeft\": false,\n            \"draggable\": true,\n            \"selectedAttraction\": 0.1,\n            \"parallax\" : 0,\n            \"friction\": 0.6        }'\n        >\n        \n\t<div class=\"img has-hover x md-x lg-x y md-y lg-y\" id=\"image_431900356\">\n\t\t\t\t\t\t\t\t<div class=\"img-inner dark\" >\n\t\t\t<img loading=\"lazy\" decoding=\"async\" width=\"1100\" height=\"800\" src=\"https:\/\/ymcup.com.tr\/wp-content\/uploads\/2023\/07\/1-6.webp\" class=\"attachment-original size-original\" alt=\"\" srcset=\"https:\/\/ymcup.com.tr\/wp-content\/uploads\/2023\/07\/1-6.webp 1100w, https:\/\/ymcup.com.tr\/wp-content\/uploads\/2023\/07\/1-6-300x218.webp 300w, https:\/\/ymcup.com.tr\/wp-content\/uploads\/2023\/07\/1-6-1024x745.webp 1024w, https:\/\/ymcup.com.tr\/wp-content\/uploads\/2023\/07\/1-6-768x559.webp 768w\" sizes=\"auto, (max-width: 1100px) 100vw, 1100px\" \/>\t\t\t\t\t\t\n\t\t\t\t\t<\/div>\n\t\t\t\t\t\t\t\t\n<style>\n#image_431900356 {\n  width: 100%;\n}\n<\/style>\n\t<\/div>\n\t\n\t<div class=\"img has-hover x md-x lg-x y md-y lg-y\" id=\"image_220048337\">\n\t\t\t\t\t\t\t\t<div class=\"img-inner dark\" >\n\t\t\t<img loading=\"lazy\" decoding=\"async\" width=\"1020\" height=\"742\" src=\"https:\/\/ymcup.com.tr\/wp-content\/uploads\/2023\/07\/2-7-1024x745.webp\" class=\"attachment-large size-large\" alt=\"\" srcset=\"https:\/\/ymcup.com.tr\/wp-content\/uploads\/2023\/07\/2-7-1024x745.webp 1024w, https:\/\/ymcup.com.tr\/wp-content\/uploads\/2023\/07\/2-7-300x218.webp 300w, https:\/\/ymcup.com.tr\/wp-content\/uploads\/2023\/07\/2-7-768x559.webp 768w, https:\/\/ymcup.com.tr\/wp-content\/uploads\/2023\/07\/2-7.webp 1100w\" sizes=\"auto, (max-width: 1020px) 100vw, 1020px\" \/>\t\t\t\t\t\t\n\t\t\t\t\t<\/div>\n\t\t\t\t\t\t\t\t\n<style>\n#image_220048337 {\n  width: 100%;\n}\n<\/style>\n\t<\/div>\n\t\n\t<div class=\"img has-hover x md-x lg-x y md-y lg-y\" id=\"image_1262370537\">\n\t\t\t\t\t\t\t\t<div class=\"img-inner dark\" >\n\t\t\t<img loading=\"lazy\" decoding=\"async\" width=\"930\" height=\"470\" src=\"https:\/\/ymcup.com.tr\/wp-content\/uploads\/2023\/06\/ymcup-local-production-local-capital-Home.webp\" class=\"attachment-large size-large\" alt=\"\" srcset=\"https:\/\/ymcup.com.tr\/wp-content\/uploads\/2023\/06\/ymcup-local-production-local-capital-Home.webp 930w, https:\/\/ymcup.com.tr\/wp-content\/uploads\/2023\/06\/ymcup-local-production-local-capital-Home-300x152.webp 300w, https:\/\/ymcup.com.tr\/wp-content\/uploads\/2023\/06\/ymcup-local-production-local-capital-Home-768x388.webp 768w\" sizes=\"auto, (max-width: 930px) 100vw, 930px\" \/>\t\t\t\t\t\t\n\t\t\t\t\t<\/div>\n\t\t\t\t\t\t\t\t\n<style>\n#image_1262370537 {\n  width: 100%;\n}\n<\/style>\n\t<\/div>\n\t\n     <\/div>\n\n     <div class=\"loading-spin dark large centered\"><\/div>\n\n\t<\/div>\n\n\n\t\t<\/div>\n\t\t\t\t\t<\/div>\n\n\t\n\n\t<div id=\"col-1000663954\" class=\"col medium-5 small-12 large-5\"  >\n\t\t\t\t<div class=\"col-inner text-center\"  >\n\t\t\t\n\t\t\t\n<h2>YM\/PRO<\/h2>\n<p>YM\/PRO Serisi kesim makinas\u0131, servo kontrol sistemiyle \u00e7al\u0131\u015fan bir makinad\u0131r. Makinam\u0131z tek ve \u00e7ift tarafl\u0131 PE ka\u011f\u0131t kesimine uygundur. Dakikada 450 vuru\u015fa kadar \u00e7\u0131kabilen kesim makinas\u0131 haz\u0131r bas\u0131lm\u0131\u015f bobin ka\u011f\u0131d\u0131n\u0131z\u0131 kolayl\u0131kla kesebilir. Otomatik kenar kontrol sistemi ile daha d\u00fczg\u00fcn kesim ve operat\u00f6re kullan\u0131m kolayl\u0131\u011f\u0131 sa\u011flamaktad\u0131r. \u00dczerinde opsiyonel olarak bulunan tek renk bask\u0131 sayesinde bask\u0131 ve kesim yapabilir. Hidrolik bobin kald\u0131rma \u00fcnitesiyle bobin ka\u011f\u0131d\u0131n\u0131z\u0131 kolayl\u0131kla yerle\u015ftirebilirsiniz.<\/p>\n<p>YM CUP ailesi \u00fcretmi\u015f oldu\u011fu t\u00fcm makinalar\u0131n, kurulumundan itibaren sizlere t\u00fcm deste\u011fi sa\u011flay\u0131p, minimum insan g\u00fcc\u00fcyle sorunsuz bir \u00fcretim yapman\u0131z\u0131 sa\u011flar.<\/p>\n<div class=\"row row-small\"  id=\"row-1653177512\">\n\n\t<div id=\"col-41004661\" class=\"col medium-6 small-12 large-6\"  >\n\t\t\t\t<div class=\"col-inner\"  >\n\t\t\t\n\t\t\t\n<a rel=\"noopener noreferrer\" href=\"https:\/\/ymcup.com.tr\/wp-content\/uploads\/2023\/07\/KARTON-BARDAK-HIZLI-KESiM-MAKiNASI.pdf\" target=\"_blank\" class=\"button primary is-outline is-large\"  >\n    <span>PDF CATALOG<\/span>\n  <\/a>\n\n\t\t<\/div>\n\t\t\t\t\t<\/div>\n\n\t\n\n\t<div id=\"col-55980814\" class=\"col medium-6 small-12 large-6\"  >\n\t\t\t\t<div class=\"col-inner\"  >\n\t\t\t\n\t\t\t\n<div class=\"video-button-wrapper\" style=\"font-size:65%\"><a href=\"https:\/\/www.youtube.com\/watch?v=FPRu1eR-eGs\" class=\"button open-video icon circle is-outline is-xlarge\"><i class=\"icon-play\" style=\"font-size:1.5em;\" ><\/i><\/a><\/div>\n\t\t<\/div>\n\t\t\t\t\t<\/div>\n\n\t\n<\/div>\n\t\t<\/div>\n\t\t\t\t\n<style>\n#col-1000663954 > .col-inner {\n  padding: 0px 5% 0px 5%;\n}\n<\/style>\n\t<\/div>\n\n\t\n<\/div>\n\t\t<\/div>\n\n\t\t\n<style>\n#section_832698991 {\n  padding-top: 30px;\n  padding-bottom: 30px;\n}\n<\/style>\n\t<\/section>\n\t\n\t<section class=\"section\" id=\"section_500097910\">\n\t\t<div class=\"bg section-bg fill bg-fill  bg-loaded\" >\n\n\t\t\t\n\t\t\t\n\t\t\t\n\n\t\t<\/div>\n\n\t\t\n\n\t\t<div class=\"section-content relative\">\n\t\t\t\n<div class=\"row\" style=\"max-width:1200px\" id=\"row-51773246\">\n\n\t<div id=\"col-59423150\" class=\"col small-12 large-12\"  >\n\t\t\t\t<div class=\"col-inner\"  >\n\t\t\t\n\t\t\t\n<div class=\"message-box relative dark\" style=\"padding-top:30px;padding-bottom:30px;\"><div class=\"message-box-bg-image bg-fill fill\" ><\/div><div class=\"message-box-bg-overlay bg-fill fill\" style=\"background-color:rgb(73, 86, 96);\"><\/div><div class=\"container relative\"><div class=\"inner last-reset\">\n<div class=\"row row-small align-middle align-center\" style=\"max-width:1200px\" id=\"row-2079864982\">\n\n\t<div id=\"col-483178389\" class=\"col medium-9 small-12 large-9\"  >\n\t\t\t\t<div class=\"col-inner\"  >\n\t\t\t\n\t\t\t\n<p><span style=\"font-size: 120%;\">YM\/PRO makinesi hakk\u0131nda hemen teklif isteyebilir ve daha detayl\u0131 bilgi alabilirsiniz. You can contact our customer service immediately.<\/span><\/p>\n\t\t<\/div>\n\t\t\t\t\t<\/div>\n\n\t\n\n\t<div id=\"col-451957029\" class=\"col medium-2 small-12 large-2\"  >\n\t\t\t\t<div class=\"col-inner text-center\"  >\n\t\t\t\n\t\t\t\n<a class=\"button white is-outline is-large\"  >\n    <span>GET OFFER<\/span>\n  <\/a>\n\n\t\t<\/div>\n\t\t\t\t\t<\/div>\n\n\t\n<\/div>\n<\/div><\/div><\/div>\n\t\t<\/div>\n\t\t\t\t\t<\/div>\n\n\t\n<\/div>\n<div class=\"row\" style=\"max-width:1200px\" id=\"row-491776605\">\n\n\t<div id=\"col-1942834138\" class=\"col small-12 large-12\"  >\n\t\t\t\t<div class=\"col-inner\"  >\n\t\t\t\n\t\t\t\n\n\t\t<div class=\"tabbed-content\">\n\t\t\t\n\t\t\t<ul class=\"nav nav-tabs nav-uppercase nav-size-xlarge nav-center\" role=\"tablist\"><li id=\"tab-general-features\" class=\"tab active has-icon\" role=\"presentation\"><a href=\"#tab_general-features\" role=\"tab\" aria-selected=\"true\" aria-controls=\"tab_general-features\"><span>GENERAL FEATURES<\/span><\/a><\/li>\n<li id=\"tab-print-features\" class=\"tab has-icon\" role=\"presentation\"><a href=\"#tab_print-features\" tabindex=\"-1\" role=\"tab\" aria-selected=\"false\" aria-controls=\"tab_print-features\"><span>PRINT FEATURES<\/span><\/a><\/li>\n<li id=\"tab-photo-gallery\" class=\"tab has-icon\" role=\"presentation\"><a href=\"#tab_photo-gallery\" tabindex=\"-1\" role=\"tab\" aria-selected=\"false\" aria-controls=\"tab_photo-gallery\"><span>PHOTO GALLERY<\/span><\/a><\/li>\n<li id=\"tab-videos\" class=\"tab has-icon\" role=\"presentation\"><a href=\"#tab_videos\" tabindex=\"-1\" role=\"tab\" aria-selected=\"false\" aria-controls=\"tab_videos\"><span>VIDEOS<\/span><\/a><\/li><\/ul><div class=\"tab-panels\"><div id=\"tab_general-features\" class=\"panel active entry-content\" role=\"tabpanel\" aria-labelledby=\"tab-general-features\">\n<div class=\"row row-small\"  id=\"row-530263923\">\n\n\t<div id=\"col-989579498\" class=\"col small-12 large-12\"  >\n\t\t\t\t<div class=\"col-inner\"  >\n\t\t\t\n\t\t\t\n<p>YM\/PRO Serisi kesim makinas\u0131, servo kontrol sistemiyle \u00e7al\u0131\u015fan bir makinad\u0131r. Makinam\u0131z tek ve \u00e7ift tarafl\u0131 PE ka\u011f\u0131t kesimine uygundur. Dakikada 450 vuru\u015fa kadar \u00e7\u0131kabilen kesim makinas\u0131 haz\u0131r bas\u0131lm\u0131\u015f bobin ka\u011f\u0131d\u0131n\u0131z\u0131 kolayl\u0131kla kesebilir. Otomatik kenar kontrol sistemi ile daha d\u00fczg\u00fcn kesim ve operat\u00f6re kullan\u0131m kolayl\u0131\u011f\u0131 sa\u011flamaktad\u0131r. \u00dczerinde opsiyonel olarak bulunan tek renk bask\u0131 sayesinde bask\u0131 ve kesim yapabilir. Hidrolik bobin kald\u0131rma \u00fcnitesiyle bobin ka\u011f\u0131d\u0131n\u0131z\u0131 kolayl\u0131kla yerle\u015ftirebilirsiniz. YM CUP ailesi \u00fcretmi\u015f oldu\u011fu t\u00fcm makinalar\u0131n, kurulumundan itibaren sizlere t\u00fcm deste\u011fi sa\u011flay\u0131p, minimum insan g\u00fcc\u00fcyle sorunsuz bir \u00fcretim yapman\u0131z\u0131 sa\u011flar.<\/p>\n\t\t<\/div>\n\t\t\t\t\t<\/div>\n\n\t\n<\/div>\n<\/div>\n<div id=\"tab_print-features\" class=\"panel entry-content\" role=\"tabpanel\" aria-labelledby=\"tab-print-features\">\n<div class=\"row row-small\"  id=\"row-1193360962\">\n\n\t<div id=\"col-373831237\" class=\"col small-12 large-12\"  >\n\t\t\t\t<div class=\"col-inner\"  >\n\t\t\t\n\t\t\t\n\t<div class=\"img has-hover x md-x lg-x y md-y lg-y\" id=\"image_1612341907\">\n\t\t\t\t\t\t\t\t<div class=\"img-inner dark\" >\n\t\t\t<img loading=\"lazy\" decoding=\"async\" width=\"2365\" height=\"2560\" src=\"https:\/\/ymcup.com.tr\/wp-content\/uploads\/2023\/07\/ozellik-1-scaled.webp\" class=\"attachment-original size-original\" alt=\"\" srcset=\"https:\/\/ymcup.com.tr\/wp-content\/uploads\/2023\/07\/ozellik-1-scaled.webp 2365w, https:\/\/ymcup.com.tr\/wp-content\/uploads\/2023\/07\/ozellik-1-277x300.webp 277w, https:\/\/ymcup.com.tr\/wp-content\/uploads\/2023\/07\/ozellik-1-946x1024.webp 946w, https:\/\/ymcup.com.tr\/wp-content\/uploads\/2023\/07\/ozellik-1-768x831.webp 768w, https:\/\/ymcup.com.tr\/wp-content\/uploads\/2023\/07\/ozellik-1-1419x1536.webp 1419w, https:\/\/ymcup.com.tr\/wp-content\/uploads\/2023\/07\/ozellik-1-1892x2048.webp 1892w\" sizes=\"auto, (max-width: 2365px) 100vw, 2365px\" \/>\t\t\t\t\t\t\n\t\t\t\t\t<\/div>\n\t\t\t\t\t\t\t\t\n<style>\n#image_1612341907 {\n  width: 100%;\n}\n<\/style>\n\t<\/div>\n\t\n\t\t<\/div>\n\t\t\t\t\t<\/div>\n\n\t\n<\/div>\n<\/div>\n<div id=\"tab_photo-gallery\" class=\"panel entry-content\" role=\"tabpanel\" aria-labelledby=\"tab-photo-gallery\">\n\n  \n    <div class=\"row large-columns-3 medium-columns- small-columns-2\" >\n  <div class=\"gallery-col col\" >\n          <div class=\"col-inner\">\n            <a class=\"image-lightbox lightbox-gallery\" href=\"https:\/\/ymcup.com.tr\/wp-content\/uploads\/2023\/07\/2-7-1024x745.webp\" title=\"\">            <div class=\"box has-hover gallery-box box-overlay dark\">\n              <div class=\"box-image box-shadow-2 box-shadow-5-hover\" >\n                <img loading=\"lazy\" decoding=\"async\" width=\"300\" height=\"218\" src=\"https:\/\/ymcup.com.tr\/wp-content\/uploads\/2023\/07\/2-7-300x218.webp\" class=\"attachment-medium size-medium\" alt=\"\" ids=\"1833,1831\" columns=\"3\" depth=\"2\" depth_hover=\"5\" srcset=\"https:\/\/ymcup.com.tr\/wp-content\/uploads\/2023\/07\/2-7-300x218.webp 300w, https:\/\/ymcup.com.tr\/wp-content\/uploads\/2023\/07\/2-7-1024x745.webp 1024w, https:\/\/ymcup.com.tr\/wp-content\/uploads\/2023\/07\/2-7-768x559.webp 768w, https:\/\/ymcup.com.tr\/wp-content\/uploads\/2023\/07\/2-7.webp 1100w\" sizes=\"auto, (max-width: 300px) 100vw, 300px\" \/>                                  <div class=\"overlay fill\"\n                      style=\"background-color: rgba(0,0,0,.15)\">\n                  <\/div>\n                                                              <\/div>\n              <div class=\"box-text text-left\" >\n                 <p><\/p>\n              <\/div>\n            <\/div>\n            <\/a>          <\/div>\n         <\/div><div class=\"gallery-col col\" >\n          <div class=\"col-inner\">\n            <a class=\"image-lightbox lightbox-gallery\" href=\"https:\/\/ymcup.com.tr\/wp-content\/uploads\/2023\/07\/1-6-1024x745.webp\" title=\"\">            <div class=\"box has-hover gallery-box box-overlay dark\">\n              <div class=\"box-image box-shadow-2 box-shadow-5-hover\" >\n                <img loading=\"lazy\" decoding=\"async\" width=\"300\" height=\"218\" src=\"https:\/\/ymcup.com.tr\/wp-content\/uploads\/2023\/07\/1-6-300x218.webp\" class=\"attachment-medium size-medium\" alt=\"\" ids=\"1833,1831\" columns=\"3\" depth=\"2\" depth_hover=\"5\" srcset=\"https:\/\/ymcup.com.tr\/wp-content\/uploads\/2023\/07\/1-6-300x218.webp 300w, https:\/\/ymcup.com.tr\/wp-content\/uploads\/2023\/07\/1-6-1024x745.webp 1024w, https:\/\/ymcup.com.tr\/wp-content\/uploads\/2023\/07\/1-6-768x559.webp 768w, https:\/\/ymcup.com.tr\/wp-content\/uploads\/2023\/07\/1-6.webp 1100w\" sizes=\"auto, (max-width: 300px) 100vw, 300px\" \/>                                  <div class=\"overlay fill\"\n                      style=\"background-color: rgba(0,0,0,.15)\">\n                  <\/div>\n                                                              <\/div>\n              <div class=\"box-text text-left\" >\n                 <p><\/p>\n              <\/div>\n            <\/div>\n            <\/a>          <\/div>\n         <\/div><\/div>\n<\/div>\n<div id=\"tab_videos\" class=\"panel entry-content\" role=\"tabpanel\" aria-labelledby=\"tab-videos\">\n<div class=\"video video-fit mb\" style=\"padding-top:56.25%;\"><p><iframe loading=\"lazy\" title=\"KARTON BARDAK HIZLI KESiM MAKiNASI - PAPER CUP FAST PUNCHING MACHINE - YM\/PRO\" width=\"1020\" height=\"574\" src=\"https:\/\/www.youtube.com\/embed\/FPRu1eR-eGs?feature=oembed\" frameborder=\"0\" allow=\"accelerometer; autoplay; clipboard-write; encrypted-media; gyroscope; picture-in-picture; web-share\" allowfullscreen><\/iframe><\/p>\n<\/div>\n<\/div><\/div><\/div>\n\t\t<\/div>\n\t\t\t\t\t<\/div>\n\n\t\n<\/div>\n\t\t<\/div>\n\n\t\t\n<style>\n#section_500097910 {\n  padding-top: 50px;\n  padding-bottom: 50px;\n}\n<\/style>\n\t<\/section>\n\t\n","protected":false},"excerpt":{"rendered":"","protected":false},"author":1,"featured_media":0,"parent":0,"menu_order":0,"comment_status":"closed","ping_status":"closed","template":"","meta":{"footnotes":""},"class_list":["post-1841","page","type-page","status-publish","hentry"],"_links":{"self":[{"href":"https:\/\/ymcup.com.tr\/en\/wp-json\/wp\/v2\/pages\/1841","targetHints":{"allow":["GET"]}}],"collection":[{"href":"https:\/\/ymcup.com.tr\/en\/wp-json\/wp\/v2\/pages"}],"about":[{"href":"https:\/\/ymcup.com.tr\/en\/wp-json\/wp\/v2\/types\/page"}],"author":[{"embeddable":true,"href":"https:\/\/ymcup.com.tr\/en\/wp-json\/wp\/v2\/users\/1"}],"replies":[{"embeddable":true,"href":"https:\/\/ymcup.com.tr\/en\/wp-json\/wp\/v2\/comments?post=1841"}],"version-history":[{"count":3,"href":"https:\/\/ymcup.com.tr\/en\/wp-json\/wp\/v2\/pages\/1841\/revisions"}],"predecessor-version":[{"id":1845,"href":"https:\/\/ymcup.com.tr\/en\/wp-json\/wp\/v2\/pages\/1841\/revisions\/1845"}],"wp:attachment":[{"href":"https:\/\/ymcup.com.tr\/en\/wp-json\/wp\/v2\/media?parent=1841"}],"curies":[{"name":"wp","href":"https:\/\/api.w.org\/{rel}","templated":true}]}}