{"id":1873,"date":"2023-07-24T23:23:36","date_gmt":"2023-07-24T20:23:36","guid":{"rendered":"https:\/\/ymcup.com.tr\/ym-xpro\/"},"modified":"2023-07-24T23:47:47","modified_gmt":"2023-07-24T20:47:47","slug":"ym-xpro","status":"publish","type":"page","link":"https:\/\/ymcup.com.tr\/en\/ym-xpro\/","title":{"rendered":"YM\/XPRO"},"content":{"rendered":"\t<section class=\"section\" id=\"section_804968795\">\n\t\t<div class=\"bg section-bg fill bg-fill  bg-loaded\" >\n\n\t\t\t\n\t\t\t\n\t\t\t\n\n\t\t<\/div>\n\n\t\t\n\n\t\t<div class=\"section-content relative\">\n\t\t\t\n  <div id=\"page-header-1530512127\" class=\"page-header-wrapper\">\n  <div class=\"page-title dark featured-title\">\n\n    \n    <div class=\"page-title-inner container align-center flex-row medium-flex-wrap\" >\n              <div class=\"title-wrapper flex-col text-left medium-text-center\">\n          <h1 class=\"entry-title mb-0\">\n            YM\/XPRO          <\/h1>\n        <\/div>\n                    <div class=\"title-content flex-col flex-right text-right medium-text-center\">\n        <div class=\"title-breadcrumbs pb-half pt-half\"><\/div>      <\/div>\n    <\/div>\n\n       <\/div>\n    <\/div>\n  \n\t\t<\/div>\n\n\t\t\n<style>\n#section_804968795 {\n  padding-top: 0px;\n  padding-bottom: 0px;\n}\n<\/style>\n\t<\/section>\n\t\n\t<div id=\"gap-1731177117\" class=\"gap-element clearfix\" style=\"display:block; height:auto;\">\n\t\t\n<style>\n#gap-1731177117 {\n  padding-top: 50px;\n}\n<\/style>\n\t<\/div>\n\t\n\t<section class=\"section\" id=\"section_912695508\">\n\t\t<div class=\"bg section-bg fill bg-fill  bg-loaded\" >\n\n\t\t\t\n\t\t\t\n\t\t\t\n\n\t\t<\/div>\n\n\t\t\n\n\t\t<div class=\"section-content relative\">\n\t\t\t\n<div class=\"row row-small\" style=\"max-width:1200px\" id=\"row-1651979005\">\n\n\t<div id=\"col-581583282\" class=\"col medium-7 small-12 large-7\"  >\n\t\t\t\t<div class=\"col-inner\"  >\n\t\t\t\n\t\t\t\n<div class=\"slider-wrapper relative\" id=\"slider-1601669920\" >\n    <div class=\"slider slider-nav-circle slider-nav-normal slider-nav-dark slider-style-normal slider-show-nav\"\n        data-flickity-options='{\n            \"cellAlign\": \"center\",\n            \"imagesLoaded\": true,\n            \"lazyLoad\": 1,\n            \"freeScroll\": false,\n            \"wrapAround\": true,\n            \"autoPlay\": 2500,\n            \"pauseAutoPlayOnHover\" : true,\n            \"prevNextButtons\": true,\n            \"contain\" : true,\n            \"adaptiveHeight\" : true,\n            \"dragThreshold\" : 10,\n            \"percentPosition\": true,\n            \"pageDots\": true,\n            \"rightToLeft\": false,\n            \"draggable\": true,\n            \"selectedAttraction\": 0.1,\n            \"parallax\" : 0,\n            \"friction\": 0.6        }'\n        >\n        \n\t<div class=\"img has-hover x md-x lg-x y md-y lg-y\" id=\"image_675586785\">\n\t\t\t\t\t\t\t\t<div class=\"img-inner dark\" >\n\t\t\t<img loading=\"lazy\" decoding=\"async\" width=\"1100\" height=\"800\" src=\"https:\/\/ymcup.com.tr\/wp-content\/uploads\/2023\/07\/1-64bb2f6122152.webp\" class=\"attachment-original size-original\" alt=\"\" srcset=\"https:\/\/ymcup.com.tr\/wp-content\/uploads\/2023\/07\/1-64bb2f6122152.webp 1100w, https:\/\/ymcup.com.tr\/wp-content\/uploads\/2023\/07\/1-64bb2f6122152-300x218.webp 300w, https:\/\/ymcup.com.tr\/wp-content\/uploads\/2023\/07\/1-64bb2f6122152-1024x745.webp 1024w, https:\/\/ymcup.com.tr\/wp-content\/uploads\/2023\/07\/1-64bb2f6122152-768x559.webp 768w\" sizes=\"auto, (max-width: 1100px) 100vw, 1100px\" \/>\t\t\t\t\t\t\n\t\t\t\t\t<\/div>\n\t\t\t\t\t\t\t\t\n<style>\n#image_675586785 {\n  width: 100%;\n}\n<\/style>\n\t<\/div>\n\t\n\t<div class=\"img has-hover x md-x lg-x y md-y lg-y\" id=\"image_511146927\">\n\t\t\t\t\t\t\t\t<div class=\"img-inner dark\" >\n\t\t\t<img loading=\"lazy\" decoding=\"async\" width=\"1020\" height=\"742\" src=\"https:\/\/ymcup.com.tr\/wp-content\/uploads\/2023\/07\/bobinden-bobine-2-64bb2f61221bc-1024x745.webp\" class=\"attachment-large size-large\" alt=\"\" srcset=\"https:\/\/ymcup.com.tr\/wp-content\/uploads\/2023\/07\/bobinden-bobine-2-64bb2f61221bc-1024x745.webp 1024w, https:\/\/ymcup.com.tr\/wp-content\/uploads\/2023\/07\/bobinden-bobine-2-64bb2f61221bc-300x218.webp 300w, https:\/\/ymcup.com.tr\/wp-content\/uploads\/2023\/07\/bobinden-bobine-2-64bb2f61221bc-768x559.webp 768w, https:\/\/ymcup.com.tr\/wp-content\/uploads\/2023\/07\/bobinden-bobine-2-64bb2f61221bc.webp 1100w\" sizes=\"auto, (max-width: 1020px) 100vw, 1020px\" \/>\t\t\t\t\t\t\n\t\t\t\t\t<\/div>\n\t\t\t\t\t\t\t\t\n<style>\n#image_511146927 {\n  width: 100%;\n}\n<\/style>\n\t<\/div>\n\t\n     <\/div>\n\n     <div class=\"loading-spin dark large centered\"><\/div>\n\n\t<\/div>\n\n\n\t\t<\/div>\n\t\t\t\t\t<\/div>\n\n\t\n\n\t<div id=\"col-1802410869\" class=\"col medium-5 small-12 large-5\"  >\n\t\t\t\t<div class=\"col-inner text-center\"  >\n\t\t\t\n\t\t\t\n<h2>YM\/XPRO<\/h2>\n<p>YM\/XPRO Series can be printed on single and double sided PE paper. It is suitable for use for printing. It is made of ink-enclosed rag aluminum steel, does not pose any danger, does not carry and is environmentally friendly. It provides cleaning with fan and infrared devices and dryers. Thanks to the servo motor, more efficient use can be achieved.<\/p>\n<div class=\"row row-small\"  id=\"row-1857566283\">\n\n\t<div id=\"col-1376837366\" class=\"col medium-6 small-12 large-6\"  >\n\t\t\t\t<div class=\"col-inner\"  >\n\t\t\t\n\t\t\t\n<a rel=\"noopener noreferrer\" href=\"https:\/\/ymcup.com.tr\/wp-content\/uploads\/2023\/07\/BOBiNDEN-BOBiNE-BASKI-MAKiNASI.pdf\" target=\"_blank\" class=\"button primary is-outline is-large\"  >\n    <span>PDF KATALOG<\/span>\n  <\/a>\n\n\t\t<\/div>\n\t\t\t\t\t<\/div>\n\n\t\n\n\t<div id=\"col-813912242\" class=\"col medium-6 small-12 large-6\"  >\n\t\t\t\t<div class=\"col-inner\"  >\n\t\t\t\n\t\t\t\n<div class=\"video-button-wrapper\" style=\"font-size:65%\"><a href=\"#\" class=\"button open-video icon circle is-outline is-xlarge\"><i class=\"icon-play\" style=\"font-size:1.5em;\" ><\/i><\/a><\/div>\n\t\t<\/div>\n\t\t\t\t\t<\/div>\n\n\t\n<\/div>\n\t\t<\/div>\n\t\t\t\t\n<style>\n#col-1802410869 > .col-inner {\n  padding: 0px 5% 0px 5%;\n}\n<\/style>\n\t<\/div>\n\n\t\n<\/div>\n\t\t<\/div>\n\n\t\t\n<style>\n#section_912695508 {\n  padding-top: 30px;\n  padding-bottom: 30px;\n}\n<\/style>\n\t<\/section>\n\t\n\t<section class=\"section\" id=\"section_1861612293\">\n\t\t<div class=\"bg section-bg fill bg-fill  bg-loaded\" >\n\n\t\t\t\n\t\t\t\n\t\t\t\n\n\t\t<\/div>\n\n\t\t\n\n\t\t<div class=\"section-content relative\">\n\t\t\t\n<div class=\"row\" style=\"max-width:1200px\" id=\"row-1690652655\">\n\n\t<div id=\"col-1780305783\" class=\"col small-12 large-12\"  >\n\t\t\t\t<div class=\"col-inner\"  >\n\t\t\t\n\t\t\t\n<div class=\"message-box relative dark\" style=\"padding-top:30px;padding-bottom:30px;\"><div class=\"message-box-bg-image bg-fill fill\" ><\/div><div class=\"message-box-bg-overlay bg-fill fill\" style=\"background-color:rgb(73, 86, 96);\"><\/div><div class=\"container relative\"><div class=\"inner last-reset\">\n<div class=\"row row-small align-middle align-center\" style=\"max-width:1200px\" id=\"row-1411237428\">\n\n\t<div id=\"col-1376085109\" class=\"col medium-9 small-12 large-9\"  >\n\t\t\t\t<div class=\"col-inner\"  >\n\t\t\t\n\t\t\t\n<p><span style=\"font-size: 120%;\">You can immediately request a quote and get more detailed information about the YM\/XPRO machine. You can contact our customer service immediately.<\/span><\/p>\n\t\t<\/div>\n\t\t\t\t\t<\/div>\n\n\t\n\n\t<div id=\"col-303284247\" class=\"col medium-2 small-12 large-2\"  >\n\t\t\t\t<div class=\"col-inner text-center\"  >\n\t\t\t\n\t\t\t\n<a class=\"button white is-outline is-large\"  >\n    <span>TEKL\u0130F AL<\/span>\n  <\/a>\n\n\t\t<\/div>\n\t\t\t\t\t<\/div>\n\n\t\n<\/div>\n<\/div><\/div><\/div>\n\t\t<\/div>\n\t\t\t\t\t<\/div>\n\n\t\n<\/div>\n<div class=\"row\" style=\"max-width:1200px\" id=\"row-699013850\">\n\n\t<div id=\"col-2121180308\" class=\"col small-12 large-12\"  >\n\t\t\t\t<div class=\"col-inner\"  >\n\t\t\t\n\t\t\t\n\n\t\t<div class=\"tabbed-content\">\n\t\t\t\n\t\t\t<ul class=\"nav nav-tabs nav-uppercase nav-size-xlarge nav-center\" role=\"tablist\"><li id=\"tab-genel-\u00d6zell\u0130kler\u0130\" class=\"tab active has-icon\" role=\"presentation\"><a href=\"#tab_genel-\u00d6zell\u0130kler\u0130\" role=\"tab\" aria-selected=\"true\" aria-controls=\"tab_genel-\u00d6zell\u0130kler\u0130\"><span>GENEL \u00d6ZELL\u0130KLER\u0130<\/span><\/a><\/li>\n<li id=\"tab-baski-\u00d6zell\u0130kler\u0130\" class=\"tab has-icon\" role=\"presentation\"><a href=\"#tab_baski-\u00d6zell\u0130kler\u0130\" tabindex=\"-1\" role=\"tab\" aria-selected=\"false\" aria-controls=\"tab_baski-\u00d6zell\u0130kler\u0130\"><span>BASKI \u00d6ZELL\u0130KLER\u0130<\/span><\/a><\/li>\n<li id=\"tab-foto-galer\u0130\" class=\"tab has-icon\" role=\"presentation\"><a href=\"#tab_foto-galer\u0130\" tabindex=\"-1\" role=\"tab\" aria-selected=\"false\" aria-controls=\"tab_foto-galer\u0130\"><span>FOTO GALER\u0130<\/span><\/a><\/li>\n<li id=\"tab-videolar\" class=\"tab has-icon\" role=\"presentation\"><a href=\"#tab_videolar\" tabindex=\"-1\" role=\"tab\" aria-selected=\"false\" aria-controls=\"tab_videolar\"><span>videolar<\/span><\/a><\/li><\/ul><div class=\"tab-panels\"><div id=\"tab_genel-\u00d6zell\u0130kler\u0130\" class=\"panel active entry-content\" role=\"tabpanel\" aria-labelledby=\"tab-genel-\u00d6zell\u0130kler\u0130\">\n<div class=\"row row-small\"  id=\"row-452339358\">\n\n\t<div id=\"col-2074843740\" class=\"col small-12 large-12\"  >\n\t\t\t\t<div class=\"col-inner\"  >\n\t\t\t\n\t\t\t\n<p>YM\/XPRO Series can be printed on single and double sided PE paper. It is suitable for use for printing. It is made of ink-enclosed rag aluminum steel, does not pose any danger, does not carry and is environmentally friendly. It provides cleaning with fan and infrared devices and dryers. Thanks to the servo motor, more efficient use can be achieved.<\/p>\n\t\t<\/div>\n\t\t\t\t\t<\/div>\n\n\t\n<\/div>\n<\/div>\n<div id=\"tab_baski-\u00d6zell\u0130kler\u0130\" class=\"panel entry-content\" role=\"tabpanel\" aria-labelledby=\"tab-baski-\u00d6zell\u0130kler\u0130\">\n<div class=\"row row-small\"  id=\"row-1704903307\">\n\n\t<div id=\"col-104352862\" class=\"col small-12 large-12\"  >\n\t\t\t\t<div class=\"col-inner\"  >\n\t\t\t\n\t\t\t\n\t<div class=\"img has-hover x md-x lg-x y md-y lg-y\" id=\"image_1249394124\">\n\t\t\t\t\t\t\t\t<div class=\"img-inner dark\" >\n\t\t\t<img loading=\"lazy\" decoding=\"async\" width=\"2365\" height=\"2560\" src=\"https:\/\/ymcup.com.tr\/wp-content\/uploads\/2023\/07\/ozellikler-64bb2f67819a0-scaled.webp\" class=\"attachment-original size-original\" alt=\"\" srcset=\"https:\/\/ymcup.com.tr\/wp-content\/uploads\/2023\/07\/ozellikler-64bb2f67819a0-scaled.webp 2365w, https:\/\/ymcup.com.tr\/wp-content\/uploads\/2023\/07\/ozellikler-64bb2f67819a0-277x300.webp 277w, https:\/\/ymcup.com.tr\/wp-content\/uploads\/2023\/07\/ozellikler-64bb2f67819a0-946x1024.webp 946w, https:\/\/ymcup.com.tr\/wp-content\/uploads\/2023\/07\/ozellikler-64bb2f67819a0-768x831.webp 768w, https:\/\/ymcup.com.tr\/wp-content\/uploads\/2023\/07\/ozellikler-64bb2f67819a0-1419x1536.webp 1419w, https:\/\/ymcup.com.tr\/wp-content\/uploads\/2023\/07\/ozellikler-64bb2f67819a0-1892x2048.webp 1892w\" sizes=\"auto, (max-width: 2365px) 100vw, 2365px\" \/>\t\t\t\t\t\t\n\t\t\t\t\t<\/div>\n\t\t\t\t\t\t\t\t\n<style>\n#image_1249394124 {\n  width: 100%;\n}\n<\/style>\n\t<\/div>\n\t\n\t\t<\/div>\n\t\t\t\t\t<\/div>\n\n\t\n<\/div>\n<\/div>\n<div id=\"tab_foto-galer\u0130\" class=\"panel entry-content\" role=\"tabpanel\" aria-labelledby=\"tab-foto-galer\u0130\">\n\n  \n    <div class=\"row large-columns-3 medium-columns- small-columns-2\" >\n  <div class=\"gallery-col col\" >\n          <div class=\"col-inner\">\n            <a class=\"image-lightbox lightbox-gallery\" href=\"https:\/\/ymcup.com.tr\/wp-content\/uploads\/2023\/07\/eray2714-64bb2f643ca2e-1024x745.webp\" title=\"\">            <div class=\"box has-hover gallery-box box-overlay dark\">\n              <div class=\"box-image box-shadow-2 box-shadow-5-hover\" >\n                <img loading=\"lazy\" decoding=\"async\" width=\"300\" height=\"218\" src=\"https:\/\/ymcup.com.tr\/wp-content\/uploads\/2023\/07\/eray2714-64bb2f643ca2e-300x218.webp\" class=\"attachment-medium size-medium\" alt=\"\" ids=\"1857,1859\" columns=\"3\" depth=\"2\" depth_hover=\"5\" srcset=\"https:\/\/ymcup.com.tr\/wp-content\/uploads\/2023\/07\/eray2714-64bb2f643ca2e-300x218.webp 300w, https:\/\/ymcup.com.tr\/wp-content\/uploads\/2023\/07\/eray2714-64bb2f643ca2e-1024x745.webp 1024w, https:\/\/ymcup.com.tr\/wp-content\/uploads\/2023\/07\/eray2714-64bb2f643ca2e-768x559.webp 768w, https:\/\/ymcup.com.tr\/wp-content\/uploads\/2023\/07\/eray2714-64bb2f643ca2e.webp 1100w\" sizes=\"auto, (max-width: 300px) 100vw, 300px\" \/>                                  <div class=\"overlay fill\"\n                      style=\"background-color: rgba(0,0,0,.15)\">\n                  <\/div>\n                                                              <\/div>\n              <div class=\"box-text text-left\" >\n                 <p><\/p>\n              <\/div>\n            <\/div>\n            <\/a>          <\/div>\n         <\/div><div class=\"gallery-col col\" >\n          <div class=\"col-inner\">\n            <a class=\"image-lightbox lightbox-gallery\" href=\"https:\/\/ymcup.com.tr\/wp-content\/uploads\/2023\/07\/eray2718-64bb2f647f142-1024x745.webp\" title=\"\">            <div class=\"box has-hover gallery-box box-overlay dark\">\n              <div class=\"box-image box-shadow-2 box-shadow-5-hover\" >\n                <img loading=\"lazy\" decoding=\"async\" width=\"300\" height=\"218\" src=\"https:\/\/ymcup.com.tr\/wp-content\/uploads\/2023\/07\/eray2718-64bb2f647f142-300x218.webp\" class=\"attachment-medium size-medium\" alt=\"\" ids=\"1857,1859\" columns=\"3\" depth=\"2\" depth_hover=\"5\" srcset=\"https:\/\/ymcup.com.tr\/wp-content\/uploads\/2023\/07\/eray2718-64bb2f647f142-300x218.webp 300w, https:\/\/ymcup.com.tr\/wp-content\/uploads\/2023\/07\/eray2718-64bb2f647f142-1024x745.webp 1024w, https:\/\/ymcup.com.tr\/wp-content\/uploads\/2023\/07\/eray2718-64bb2f647f142-768x559.webp 768w, https:\/\/ymcup.com.tr\/wp-content\/uploads\/2023\/07\/eray2718-64bb2f647f142.webp 1100w\" sizes=\"auto, (max-width: 300px) 100vw, 300px\" \/>                                  <div class=\"overlay fill\"\n                      style=\"background-color: rgba(0,0,0,.15)\">\n                  <\/div>\n                                                              <\/div>\n              <div class=\"box-text text-left\" >\n                 <p><\/p>\n              <\/div>\n            <\/div>\n            <\/a>          <\/div>\n         <\/div><\/div>\n<\/div>\n<div id=\"tab_videolar\" class=\"panel entry-content\" role=\"tabpanel\" aria-labelledby=\"tab-videolar\">\n<div class=\"video video-fit mb\" style=\"padding-top:56.25%;\"><p>#<\/p>\n<\/div>\n<\/div><\/div><\/div>\n\t\t<\/div>\n\t\t\t\t\t<\/div>\n\n\t\n<\/div>\n\t\t<\/div>\n\n\t\t\n<style>\n#section_1861612293 {\n  padding-top: 50px;\n  padding-bottom: 50px;\n}\n<\/style>\n\t<\/section>\n\t\n","protected":false},"excerpt":{"rendered":"","protected":false},"author":1,"featured_media":0,"parent":0,"menu_order":0,"comment_status":"closed","ping_status":"closed","template":"page-blank.php","meta":{"footnotes":""},"class_list":["post-1873","page","type-page","status-publish","hentry"],"_links":{"self":[{"href":"https:\/\/ymcup.com.tr\/en\/wp-json\/wp\/v2\/pages\/1873","targetHints":{"allow":["GET"]}}],"collection":[{"href":"https:\/\/ymcup.com.tr\/en\/wp-json\/wp\/v2\/pages"}],"about":[{"href":"https:\/\/ymcup.com.tr\/en\/wp-json\/wp\/v2\/types\/page"}],"author":[{"embeddable":true,"href":"https:\/\/ymcup.com.tr\/en\/wp-json\/wp\/v2\/users\/1"}],"replies":[{"embeddable":true,"href":"https:\/\/ymcup.com.tr\/en\/wp-json\/wp\/v2\/comments?post=1873"}],"version-history":[{"count":2,"href":"https:\/\/ymcup.com.tr\/en\/wp-json\/wp\/v2\/pages\/1873\/revisions"}],"predecessor-version":[{"id":1877,"href":"https:\/\/ymcup.com.tr\/en\/wp-json\/wp\/v2\/pages\/1873\/revisions\/1877"}],"wp:attachment":[{"href":"https:\/\/ymcup.com.tr\/en\/wp-json\/wp\/v2\/media?parent=1873"}],"curies":[{"name":"wp","href":"https:\/\/api.w.org\/{rel}","templated":true}]}}